{"id":5517,"date":"2013-06-30T08:55:02","date_gmt":"2013-06-30T08:55:02","guid":{"rendered":"https:\/\/www.finaura.lt\/ksiegowosc\/"},"modified":"2025-05-16T10:19:28","modified_gmt":"2025-05-16T10:19:28","slug":"ksiegowosc","status":"publish","type":"page","link":"https:\/\/www.finaura.lt\/pl\/ksiegowosc\/","title":{"rendered":"Ksi\u0119gowo\u015b\u0107"},"content":{"rendered":"\t\t<div data-elementor-type=\"wp-page\" data-elementor-id=\"5517\" class=\"elementor elementor-5517 elementor-87\" data-elementor-post-type=\"page\">\n\t\t\t\t<div class=\"elementor-element elementor-element-082309b e-flex e-con-boxed e-con e-parent\" data-id=\"082309b\" data-element_type=\"container\" data-e-type=\"container\">\n\t\t\t\t\t<div class=\"e-con-inner\">\n\t\t\t\t<div class=\"elementor-element elementor-element-6b0b20a elementor-widget elementor-widget-heading\" data-id=\"6b0b20a\" data-element_type=\"widget\" data-e-type=\"widget\" data-widget_type=\"heading.default\">\n\t\t\t\t<div class=\"elementor-widget-container\">\n\t\t\t\t\t<h2 class=\"elementor-heading-title elementor-size-default\">Us\u0142ugi ksi\u0119gowe<\/h2>\t\t\t\t<\/div>\n\t\t\t\t<\/div>\n\t\t\t\t<div class=\"elementor-element elementor-element-ca650f5 elementor-widget elementor-widget-text-editor\" data-id=\"ca650f5\" data-element_type=\"widget\" data-e-type=\"widget\" data-widget_type=\"text-editor.default\">\n\t\t\t\t<div class=\"elementor-widget-container\">\n\t\t\t\t\t\t\t\t\t<p>Sp\u00f3\u0142ka z o.o. \u201eFinaura\u201c zaleca swoim klientom zamawianie wy\u0142\u0105cznie konkretnych prac w procesie prowadzenia ksi\u0119gowo\u015bci lub podpisanie umowy na \u015bwiadczenie us\u0142ug ksi\u0119gowych, kt\u00f3rej przedmiot zazwyczaj obejmuje nast\u0119puj\u0105ce us\u0142ugi:<\/p>\t\t\t\t\t\t\t\t<\/div>\n\t\t\t\t<\/div>\n\t\t<div class=\"elementor-element elementor-element-0d40c97 e-con-full e-flex e-con e-child\" data-id=\"0d40c97\" data-element_type=\"container\" data-e-type=\"container\">\n\t\t<div class=\"elementor-element elementor-element-c277c74 e-con-full e-flex e-con e-child\" data-id=\"c277c74\" data-element_type=\"container\" data-e-type=\"container\">\n\t\t\t\t<div class=\"elementor-element elementor-element-0a55133 elementor-widget elementor-widget-text-editor\" data-id=\"0a55133\" data-element_type=\"widget\" data-e-type=\"widget\" data-widget_type=\"text-editor.default\">\n\t\t\t\t<div class=\"elementor-widget-container\">\n\t\t\t\t\t\t\t\t\t<p>Grupa stowarzyszonych firm sp\u00f3\u0142ki \u201eFinaura\u201c prowadzi pe\u0142n\u0105 ksi\u0119gowo\u015b\u0107 firm \u2013 od dokument\u00f3w \u017ar\u00f3d\u0142owych a\u017c po sporz\u0105dzenie sprawozdawczo\u015bci finansowej. Udzielamy konsultacji i porad w zakresie podatk\u00f3w oraz opracowujemy polityk\u0119 rachunkowo\u015bci. Na \u017cyczenie klienta przygotowujemy dokumentacj\u0119 z zakresu bezpiecze\u0144stwa i higieny pracy, umowy o prac\u0119, umowy o pe\u0142nej odpowiedzialno\u015bci materialnej, opisy stanowisk, umowy mi\u0119dzy akcjonariuszami oraz inne niezb\u0119dne dokumenty firmowe. Tworzymy strategi\u0119 firmy i d\u0142ugoterminow\u0105 filozofi\u0119 dzia\u0142ania. Nie tylko przygotowujemy firm\u0119 do dzia\u0142ania, ale jeste\u015bmy z Pa\u0144stwem zar\u00f3wno w chwilach sukcesu, jak i w trudniejszych momentach. W razie potrzeby nie ograniczamy si\u0119 jedynie do ksi\u0119gowo\u015bci \u2013 \u015bwiadczymy kompleksowe us\u0142ugi, nie tylko ksi\u0119gowe, dla Pa\u0144stwa biznesu. Na przyk\u0142ad: pomagamy odzyska\u0107 nale\u017cno\u015bci, sprzeda\u0107 lub kupi\u0107 firm\u0119, po\u0142\u0105czy\u0107 kilka dzia\u0142alno\u015bci itp. Reprezentujemy interesy klienta w urz\u0119dach skarbowych, ZUS-ie, innych instytucjach, s\u0105dach, na zgromadzeniach akcjonariuszy, w negocjacjach z partnerami biznesowymi i nie tylko.<br>Sp\u00f3\u0142ka z o.o. \u201eFinaura\u201c oferuje swoim klientom us\u0142ugi ksi\u0119gowe oraz wyja\u015bnienia dotycz\u0105ce podatk\u00f3w obowi\u0105zuj\u0105cych w Republice Litewskiej \u2013 zar\u00f3wno ustnie, jak i pisemnie. Konsultacje pisemne s\u0105 dost\u0119pne w j\u0119zyku litewskim, angielskim i rosyjskim. <\/p>\t\t\t\t\t\t\t\t<\/div>\n\t\t\t\t<\/div>\n\t\t\t\t<\/div>\n\t\t<div class=\"elementor-element elementor-element-13a019d e-con-full e-flex e-con e-child\" data-id=\"13a019d\" data-element_type=\"container\" data-e-type=\"container\">\n\t\t\t\t<div class=\"elementor-element elementor-element-f2600d4 elementor-widget elementor-widget-image\" data-id=\"f2600d4\" data-element_type=\"widget\" data-e-type=\"widget\" data-widget_type=\"image.default\">\n\t\t\t\t<div class=\"elementor-widget-container\">\n\t\t\t\t\t\t\t\t\t\t\t\t\t\t\t<img fetchpriority=\"high\" decoding=\"async\" width=\"1024\" height=\"682\" src=\"https:\/\/www.finaura.lt\/wp-content\/uploads\/2020\/08\/2046-1024x682.jpg\" class=\"attachment-large size-large wp-image-644\" alt=\"\" srcset=\"https:\/\/www.finaura.lt\/wp-content\/uploads\/2020\/08\/2046-1024x682.jpg 1024w, https:\/\/www.finaura.lt\/wp-content\/uploads\/2020\/08\/2046-300x200.jpg 300w, https:\/\/www.finaura.lt\/wp-content\/uploads\/2020\/08\/2046-768x512.jpg 768w, https:\/\/www.finaura.lt\/wp-content\/uploads\/2020\/08\/2046-480x320.jpg 480w, https:\/\/www.finaura.lt\/wp-content\/uploads\/2020\/08\/2046.jpg 1732w\" sizes=\"(max-width: 1024px) 100vw, 1024px\" \/>\t\t\t\t\t\t\t\t\t\t\t\t\t\t\t<\/div>\n\t\t\t\t<\/div>\n\t\t\t\t<\/div>\n\t\t\t\t<\/div>\n\t\t<div class=\"elementor-element elementor-element-fdcfa68 e-con-full e-flex e-con e-child\" data-id=\"fdcfa68\" data-element_type=\"container\" data-e-type=\"container\">\n\t\t<div class=\"elementor-element elementor-element-dc71b74 e-con-full e-flex e-con e-child\" data-id=\"dc71b74\" data-element_type=\"container\" data-e-type=\"container\">\n\t\t\t\t<div class=\"elementor-element elementor-element-fae8c9b elementor-widget elementor-widget-text-editor\" data-id=\"fae8c9b\" data-element_type=\"widget\" data-e-type=\"widget\" data-widget_type=\"text-editor.default\">\n\t\t\t\t<div class=\"elementor-widget-container\">\n\t\t\t\t\t\t\t\t\t<ul><li>Ewidencja d\u0142ugoterminowych \u015brodk\u00f3w trwa\u0142ych oraz warto\u015bci niematerialnych i prawnych;<\/li><li>Ewidencja zapas\u00f3w (towar\u00f3w);<\/li><li>Wystawianie i\/lub rejestrowanie faktur za towary (us\u0142ugi);<\/li><li>Ewidencja zobowi\u0105za\u0144 firmy<br>Ewidencja wynagrodze\u0144;<\/li><li>Operacje bankowe (rejestrowanie wyci\u0105g\u00f3w, przewalutowanie);<\/li><li>Ksi\u0119ga kasowa: wype\u0142nianie dowod\u00f3w przychodu i rozchodu kasowego;<\/li><li>Prowadzenie rozlicze\u0144 zaliczek;<\/li><li>Obliczanie i rejestrowanie podatk\u00f3w;<\/li><li>Sporz\u0105dzanie deklaracji zgodnie z dzia\u0142alno\u015bci\u0105 firmy;<\/li><li>Sprawozdania do ZUS;<\/li><li>Sprawozdania statystyczne;<\/li><li>Inne sprawozdania;<\/li><li>Przygotowanie zestawu sprawozda\u0144 finansowych:<br>Bilans;<\/li><li>Rachunek zysk\u00f3w i strat;<\/li><li>Sprawozdanie z przep\u0142yw\u00f3w pieni\u0119\u017cnych;<\/li><li>Sprawozdanie ze zmian w kapitale w\u0142asnym;<\/li><li>List wyja\u015bniaj\u0105cy.<\/li><\/ul>\t\t\t\t\t\t\t\t<\/div>\n\t\t\t\t<\/div>\n\t\t\t\t<\/div>\n\t\t<div class=\"elementor-element elementor-element-a7d4290 e-con-full e-flex e-con e-child\" data-id=\"a7d4290\" data-element_type=\"container\" data-e-type=\"container\">\n\t\t\t\t<div class=\"elementor-element elementor-element-7c699b7 elementor-widget elementor-widget-image\" data-id=\"7c699b7\" data-element_type=\"widget\" data-e-type=\"widget\" data-widget_type=\"image.default\">\n\t\t\t\t<div class=\"elementor-widget-container\">\n\t\t\t\t\t\t\t\t\t\t\t\t\t\t\t<img decoding=\"async\" width=\"1024\" height=\"683\" src=\"https:\/\/www.finaura.lt\/wp-content\/uploads\/2020\/08\/3388-1-1024x683.jpg\" class=\"attachment-large size-large wp-image-645\" alt=\"\" srcset=\"https:\/\/www.finaura.lt\/wp-content\/uploads\/2020\/08\/3388-1-1024x683.jpg 1024w, https:\/\/www.finaura.lt\/wp-content\/uploads\/2020\/08\/3388-1-300x200.jpg 300w, https:\/\/www.finaura.lt\/wp-content\/uploads\/2020\/08\/3388-1-768x512.jpg 768w, https:\/\/www.finaura.lt\/wp-content\/uploads\/2020\/08\/3388-1-480x320.jpg 480w, https:\/\/www.finaura.lt\/wp-content\/uploads\/2020\/08\/3388-1.jpg 1731w\" sizes=\"(max-width: 1024px) 100vw, 1024px\" \/>\t\t\t\t\t\t\t\t\t\t\t\t\t\t\t<\/div>\n\t\t\t\t<\/div>\n\t\t\t\t<\/div>\n\t\t\t\t<\/div>\n\t\t\t\t<div class=\"elementor-element elementor-element-486523e elementor-widget elementor-widget-heading\" data-id=\"486523e\" data-element_type=\"widget\" data-e-type=\"widget\" data-widget_type=\"heading.default\">\n\t\t\t\t<div class=\"elementor-widget-container\">\n\t\t\t\t\t<h2 class=\"elementor-heading-title elementor-size-default\">Dlaczego warto zwr\u00f3ci\u0107 si\u0119 do naszej firmy?<\/h2>\t\t\t\t<\/div>\n\t\t\t\t<\/div>\n\t\t\t\t<div class=\"elementor-element elementor-element-3238eb1 elementor-widget elementor-widget-text-editor\" data-id=\"3238eb1\" data-element_type=\"widget\" data-e-type=\"widget\" data-widget_type=\"text-editor.default\">\n\t\t\t\t<div class=\"elementor-widget-container\">\n\t\t\t\t\t\t\t\t\t<p>Sp\u00f3\u0142ka z o.o. \u201eFinaura\u201c zaleca swoim klientom zamawianie wy\u0142\u0105cznie konkretnych prac w procesie prowadzenia ksi\u0119gowo\u015bci lub podpisanie umowy na \u015bwiadczenie us\u0142ug ksi\u0119gowych, kt\u00f3rej przedmiot zazwyczaj obejmuje nast\u0119puj\u0105ce us\u0142ugi:<\/p>\t\t\t\t\t\t\t\t<\/div>\n\t\t\t\t<\/div>\n\t\t\t\t<div class=\"elementor-element elementor-element-788ef1b elementor-icon-list--layout-traditional elementor-list-item-link-full_width elementor-widget elementor-widget-icon-list\" data-id=\"788ef1b\" data-element_type=\"widget\" data-e-type=\"widget\" data-widget_type=\"icon-list.default\">\n\t\t\t\t<div class=\"elementor-widget-container\">\n\t\t\t\t\t\t\t<ul class=\"elementor-icon-list-items\">\n\t\t\t\t\t\t\t<li class=\"elementor-icon-list-item\">\n\t\t\t\t\t\t\t\t\t\t\t<span class=\"elementor-icon-list-icon\">\n\t\t\t\t\t\t\t<svg aria-hidden=\"true\" class=\"e-font-icon-svg e-fas-chess\" viewBox=\"0 0 512 512\" xmlns=\"http:\/\/www.w3.org\/2000\/svg\"><path d=\"M74 208H64a16 16 0 0 0-16 16v16a16 16 0 0 0 16 16h15.94A535.78 535.78 0 0 1 64 384h128a535.78 535.78 0 0 1-15.94-128H192a16 16 0 0 0 16-16v-16a16 16 0 0 0-16-16h-10l33.89-90.38a16 16 0 0 0-15-21.62H144V64h24a8 8 0 0 0 8-8V40a8 8 0 0 0-8-8h-24V8a8 8 0 0 0-8-8h-16a8 8 0 0 0-8 8v24H88a8 8 0 0 0-8 8v16a8 8 0 0 0 8 8h24v32H55.09a16 16 0 0 0-15 21.62zm173.16 251.58L224 448v-16a16 16 0 0 0-16-16H48a16 16 0 0 0-16 16v16L8.85 459.58A16 16 0 0 0 0 473.89V496a16 16 0 0 0 16 16h224a16 16 0 0 0 16-16v-22.11a16 16 0 0 0-8.84-14.31zm92.77-157.78l-3.29 82.2h126.72l-3.29-82.21 24.6-20.79A32 32 0 0 0 496 256.54V198a6 6 0 0 0-6-6h-26.38a6 6 0 0 0-6 6v26h-24.71v-26a6 6 0 0 0-6-6H373.1a6 6 0 0 0-6 6v26h-24.71v-26a6 6 0 0 0-6-6H310a6 6 0 0 0-6 6v58.6a32 32 0 0 0 11.36 24.4zM384 304a16 16 0 0 1 32 0v32h-32zm119.16 155.58L480 448v-16a16 16 0 0 0-16-16H336a16 16 0 0 0-16 16v16l-23.15 11.58a16 16 0 0 0-8.85 14.31V496a16 16 0 0 0 16 16h192a16 16 0 0 0 16-16v-22.11a16 16 0 0 0-8.84-14.31z\"><\/path><\/svg>\t\t\t\t\t\t<\/span>\n\t\t\t\t\t\t\t\t\t\t<span class=\"elementor-icon-list-text\">Przedstawimy szczeg\u00f3\u0142owe odpowiedzi na pytania dotycz\u0105ce podatk\u00f3w i ksi\u0119gowo\u015bci w j\u0119zykach litewskim, rosyjskim i angielskim \u2013 ustnie lub na pi\u015bmie;<\/span>\n\t\t\t\t\t\t\t\t\t<\/li>\n\t\t\t\t\t\t\t\t<li class=\"elementor-icon-list-item\">\n\t\t\t\t\t\t\t\t\t\t\t<span class=\"elementor-icon-list-icon\">\n\t\t\t\t\t\t\t<svg aria-hidden=\"true\" class=\"e-font-icon-svg e-fas-chess\" viewBox=\"0 0 512 512\" xmlns=\"http:\/\/www.w3.org\/2000\/svg\"><path d=\"M74 208H64a16 16 0 0 0-16 16v16a16 16 0 0 0 16 16h15.94A535.78 535.78 0 0 1 64 384h128a535.78 535.78 0 0 1-15.94-128H192a16 16 0 0 0 16-16v-16a16 16 0 0 0-16-16h-10l33.89-90.38a16 16 0 0 0-15-21.62H144V64h24a8 8 0 0 0 8-8V40a8 8 0 0 0-8-8h-24V8a8 8 0 0 0-8-8h-16a8 8 0 0 0-8 8v24H88a8 8 0 0 0-8 8v16a8 8 0 0 0 8 8h24v32H55.09a16 16 0 0 0-15 21.62zm173.16 251.58L224 448v-16a16 16 0 0 0-16-16H48a16 16 0 0 0-16 16v16L8.85 459.58A16 16 0 0 0 0 473.89V496a16 16 0 0 0 16 16h224a16 16 0 0 0 16-16v-22.11a16 16 0 0 0-8.84-14.31zm92.77-157.78l-3.29 82.2h126.72l-3.29-82.21 24.6-20.79A32 32 0 0 0 496 256.54V198a6 6 0 0 0-6-6h-26.38a6 6 0 0 0-6 6v26h-24.71v-26a6 6 0 0 0-6-6H373.1a6 6 0 0 0-6 6v26h-24.71v-26a6 6 0 0 0-6-6H310a6 6 0 0 0-6 6v58.6a32 32 0 0 0 11.36 24.4zM384 304a16 16 0 0 1 32 0v32h-32zm119.16 155.58L480 448v-16a16 16 0 0 0-16-16H336a16 16 0 0 0-16 16v16l-23.15 11.58a16 16 0 0 0-8.85 14.31V496a16 16 0 0 0 16 16h192a16 16 0 0 0 16-16v-22.11a16 16 0 0 0-8.84-14.31z\"><\/path><\/svg>\t\t\t\t\t\t<\/span>\n\t\t\t\t\t\t\t\t\t\t<span class=\"elementor-icon-list-text\">Mo\u017cemy przedstawi\u0107 specjaln\u0105 ofert\u0119 na zakup kompleksowego pakietu us\u0142ug ksi\u0119gowych i prawnych;<\/span>\n\t\t\t\t\t\t\t\t\t<\/li>\n\t\t\t\t\t\t\t\t<li class=\"elementor-icon-list-item\">\n\t\t\t\t\t\t\t\t\t\t\t<span class=\"elementor-icon-list-icon\">\n\t\t\t\t\t\t\t<svg aria-hidden=\"true\" class=\"e-font-icon-svg e-fas-chess\" viewBox=\"0 0 512 512\" xmlns=\"http:\/\/www.w3.org\/2000\/svg\"><path d=\"M74 208H64a16 16 0 0 0-16 16v16a16 16 0 0 0 16 16h15.94A535.78 535.78 0 0 1 64 384h128a535.78 535.78 0 0 1-15.94-128H192a16 16 0 0 0 16-16v-16a16 16 0 0 0-16-16h-10l33.89-90.38a16 16 0 0 0-15-21.62H144V64h24a8 8 0 0 0 8-8V40a8 8 0 0 0-8-8h-24V8a8 8 0 0 0-8-8h-16a8 8 0 0 0-8 8v24H88a8 8 0 0 0-8 8v16a8 8 0 0 0 8 8h24v32H55.09a16 16 0 0 0-15 21.62zm173.16 251.58L224 448v-16a16 16 0 0 0-16-16H48a16 16 0 0 0-16 16v16L8.85 459.58A16 16 0 0 0 0 473.89V496a16 16 0 0 0 16 16h224a16 16 0 0 0 16-16v-22.11a16 16 0 0 0-8.84-14.31zm92.77-157.78l-3.29 82.2h126.72l-3.29-82.21 24.6-20.79A32 32 0 0 0 496 256.54V198a6 6 0 0 0-6-6h-26.38a6 6 0 0 0-6 6v26h-24.71v-26a6 6 0 0 0-6-6H373.1a6 6 0 0 0-6 6v26h-24.71v-26a6 6 0 0 0-6-6H310a6 6 0 0 0-6 6v58.6a32 32 0 0 0 11.36 24.4zM384 304a16 16 0 0 1 32 0v32h-32zm119.16 155.58L480 448v-16a16 16 0 0 0-16-16H336a16 16 0 0 0-16 16v16l-23.15 11.58a16 16 0 0 0-8.85 14.31V496a16 16 0 0 0 16 16h192a16 16 0 0 0 16-16v-22.11a16 16 0 0 0-8.84-14.31z\"><\/path><\/svg>\t\t\t\t\t\t<\/span>\n\t\t\t\t\t\t\t\t\t\t<span class=\"elementor-icon-list-text\">\u015awiadczymy us\u0142ugi dla os\u00f3b fizycznych i prawnych, wystawiamy faktur\u0119 za wykonane us\u0142ugi, dzi\u0119ki czemu nie b\u0119dziecie musieli tworzy\u0107 etatu ksi\u0119gowego w swojej firmie.<\/span>\n\t\t\t\t\t\t\t\t\t<\/li>\n\t\t\t\t\t\t\t\t<li class=\"elementor-icon-list-item\">\n\t\t\t\t\t\t\t\t\t\t\t<span class=\"elementor-icon-list-icon\">\n\t\t\t\t\t\t\t<svg aria-hidden=\"true\" class=\"e-font-icon-svg e-fas-chess\" viewBox=\"0 0 512 512\" xmlns=\"http:\/\/www.w3.org\/2000\/svg\"><path d=\"M74 208H64a16 16 0 0 0-16 16v16a16 16 0 0 0 16 16h15.94A535.78 535.78 0 0 1 64 384h128a535.78 535.78 0 0 1-15.94-128H192a16 16 0 0 0 16-16v-16a16 16 0 0 0-16-16h-10l33.89-90.38a16 16 0 0 0-15-21.62H144V64h24a8 8 0 0 0 8-8V40a8 8 0 0 0-8-8h-24V8a8 8 0 0 0-8-8h-16a8 8 0 0 0-8 8v24H88a8 8 0 0 0-8 8v16a8 8 0 0 0 8 8h24v32H55.09a16 16 0 0 0-15 21.62zm173.16 251.58L224 448v-16a16 16 0 0 0-16-16H48a16 16 0 0 0-16 16v16L8.85 459.58A16 16 0 0 0 0 473.89V496a16 16 0 0 0 16 16h224a16 16 0 0 0 16-16v-22.11a16 16 0 0 0-8.84-14.31zm92.77-157.78l-3.29 82.2h126.72l-3.29-82.21 24.6-20.79A32 32 0 0 0 496 256.54V198a6 6 0 0 0-6-6h-26.38a6 6 0 0 0-6 6v26h-24.71v-26a6 6 0 0 0-6-6H373.1a6 6 0 0 0-6 6v26h-24.71v-26a6 6 0 0 0-6-6H310a6 6 0 0 0-6 6v58.6a32 32 0 0 0 11.36 24.4zM384 304a16 16 0 0 1 32 0v32h-32zm119.16 155.58L480 448v-16a16 16 0 0 0-16-16H336a16 16 0 0 0-16 16v16l-23.15 11.58a16 16 0 0 0-8.85 14.31V496a16 16 0 0 0 16 16h192a16 16 0 0 0 16-16v-22.11a16 16 0 0 0-8.84-14.31z\"><\/path><\/svg>\t\t\t\t\t\t<\/span>\n\t\t\t\t\t\t\t\t\t\t<span class=\"elementor-icon-list-text\">Z klientami zawsze znajdujemy wsp\u00f3lny j\u0119zyk. W niekt\u00f3rych przypadkach nie obawiamy si\u0119 powi\u0105za\u0107 wynagrodzenia z efektami wykonanej pracy. <\/span>\n\t\t\t\t\t\t\t\t\t<\/li>\n\t\t\t\t\t\t<\/ul>\n\t\t\t\t\t\t<\/div>\n\t\t\t\t<\/div>\n\t\t\t\t<div class=\"elementor-element elementor-element-f66087d elementor-align-center elementor-widget elementor-widget-button\" data-id=\"f66087d\" data-element_type=\"widget\" data-e-type=\"widget\" data-widget_type=\"button.default\">\n\t\t\t\t<div class=\"elementor-widget-container\">\n\t\t\t\t\t\t\t\t\t<div class=\"elementor-button-wrapper\">\n\t\t\t\t\t<a class=\"elementor-button elementor-button-link elementor-size-sm\" href=\"https:\/\/www.finaura.lt\/pl\/cena-uslug-ksiegowych\/\" id=\"kainabtn\">\n\t\t\t\t\t\t<span class=\"elementor-button-content-wrapper\">\n\t\t\t\t\t\t\t\t\t<span class=\"elementor-button-text\">Liczy\u0107 cen\u0119<\/span>\n\t\t\t\t\t<\/span>\n\t\t\t\t\t<\/a>\n\t\t\t\t<\/div>\n\t\t\t\t\t\t\t\t<\/div>\n\t\t\t\t<\/div>\n\t\t\t\t<div class=\"elementor-element elementor-element-26a0ad9 elementor-widget elementor-widget-text-editor\" data-id=\"26a0ad9\" data-element_type=\"widget\" data-e-type=\"widget\" data-widget_type=\"text-editor.default\">\n\t\t\t\t<div class=\"elementor-widget-container\">\n\t\t\t\t\t\t\t\t\t<p>Nie nale\u017cy uwa\u017ca\u0107, \u017ce nasza firma \u201eFinaura\u201d jest skierowana wy\u0142\u0105cznie do zamo\u017cnych klient\u00f3w. Ocieniaj\u0105c nasz\u0105 prac\u0119, z pe\u0142n\u0105 odpowiedzialno\u015bci\u0105 o\u015bwiadczamy, \u017ce nasza firma jest przedsi\u0119biorstwem spo\u0142ecznie odpowiedzialnym i jeste\u015bmy z tego dumni.<br>Ka\u017cdy klient jest dla nas wa\u017cny, troszczymy si\u0119 o problemy wszystkich. Zawsze mo\u017cecie si\u0119 z nami kontaktowa\u0107, wype\u0142niaj\u0105c zapytanie na naszej stronie internetowej lub dzwoni\u0105c pod podane numery telefon\u00f3w, a tak\u017ce przez.<br>Wierzymy, \u017ce mo\u017cemy Pa\u0144stwu pom\u00f3c.  <\/p>\t\t\t\t\t\t\t\t<\/div>\n\t\t\t\t<\/div>\n\t\t\t\t\t<\/div>\n\t\t\t\t<\/div>\n\t\t\t\t<\/div>\n\t\t","protected":false},"excerpt":{"rendered":"<p>Us\u0142ugi ksi\u0119gowe Sp\u00f3\u0142ka z o.o. \u201eFinaura\u201c zaleca swoim klientom zamawianie wy\u0142\u0105cznie konkretnych prac w procesie prowadzenia ksi\u0119gowo\u015bci lub podpisanie umowy na \u015bwiadczenie us\u0142ug ksi\u0119gowych, kt\u00f3rej przedmiot zazwyczaj obejmuje nast\u0119puj\u0105ce us\u0142ugi: Grupa stowarzyszonych firm sp\u00f3\u0142ki \u201eFinaura\u201c prowadzi pe\u0142n\u0105 ksi\u0119gowo\u015b\u0107 firm \u2013 od dokument\u00f3w \u017ar\u00f3d\u0142owych a\u017c po sporz\u0105dzenie sprawozdawczo\u015bci finansowej. Udzielamy konsultacji i porad w zakresie podatk\u00f3w [&hellip;]<\/p>\n","protected":false},"author":1,"featured_media":5324,"parent":0,"menu_order":0,"comment_status":"closed","ping_status":"closed","template":"","meta":{"_acf_changed":false,"footnotes":""},"class_list":["post-5517","page","type-page","status-publish","has-post-thumbnail","hentry"],"acf":[],"_links":{"self":[{"href":"https:\/\/www.finaura.lt\/pl\/wp-json\/wp\/v2\/pages\/5517","targetHints":{"allow":["GET"]}}],"collection":[{"href":"https:\/\/www.finaura.lt\/pl\/wp-json\/wp\/v2\/pages"}],"about":[{"href":"https:\/\/www.finaura.lt\/pl\/wp-json\/wp\/v2\/types\/page"}],"author":[{"embeddable":true,"href":"https:\/\/www.finaura.lt\/pl\/wp-json\/wp\/v2\/users\/1"}],"replies":[{"embeddable":true,"href":"https:\/\/www.finaura.lt\/pl\/wp-json\/wp\/v2\/comments?post=5517"}],"version-history":[{"count":2,"href":"https:\/\/www.finaura.lt\/pl\/wp-json\/wp\/v2\/pages\/5517\/revisions"}],"predecessor-version":[{"id":5521,"href":"https:\/\/www.finaura.lt\/pl\/wp-json\/wp\/v2\/pages\/5517\/revisions\/5521"}],"wp:featuredmedia":[{"embeddable":true,"href":"https:\/\/www.finaura.lt\/pl\/wp-json\/wp\/v2\/media\/5324"}],"wp:attachment":[{"href":"https:\/\/www.finaura.lt\/pl\/wp-json\/wp\/v2\/media?parent=5517"}],"curies":[{"name":"wp","href":"https:\/\/api.w.org\/{rel}","templated":true}]}}