{"id":5519,"date":"2020-08-30T03:39:21","date_gmt":"2020-08-30T03:39:21","guid":{"rendered":"https:\/\/www.finaura.lt\/cena-uslug-ksiegowych\/"},"modified":"2025-05-16T10:19:28","modified_gmt":"2025-05-16T10:19:28","slug":"cena-uslug-ksiegowych","status":"publish","type":"page","link":"https:\/\/www.finaura.lt\/pl\/cena-uslug-ksiegowych\/","title":{"rendered":"Cena us\u0142ug ksi\u0119gowych"},"content":{"rendered":"\t\t<div data-elementor-type=\"wp-page\" data-elementor-id=\"5519\" class=\"elementor elementor-5519 elementor-769\" data-elementor-post-type=\"page\">\n\t\t\t\t<div class=\"elementor-element elementor-element-46417a5 e-flex e-con-boxed e-con e-parent\" data-id=\"46417a5\" data-element_type=\"container\" data-e-type=\"container\">\n\t\t\t\t\t<div class=\"e-con-inner\">\n\t\t\t\t<div class=\"elementor-element elementor-element-dfabfba elementor-widget elementor-widget-heading\" data-id=\"dfabfba\" data-element_type=\"widget\" data-e-type=\"widget\" data-widget_type=\"heading.default\">\n\t\t\t\t<div class=\"elementor-widget-container\">\n\t\t\t\t\t<h2 class=\"elementor-heading-title elementor-size-default\">CENA us\u0142ug ksi\u0119gowych<\/h2>\t\t\t\t<\/div>\n\t\t\t\t<\/div>\n\t\t\t\t<div class=\"elementor-element elementor-element-af8e066 elementor-widget elementor-widget-text-editor\" data-id=\"af8e066\" data-element_type=\"widget\" data-e-type=\"widget\" data-widget_type=\"text-editor.default\">\n\t\t\t\t<div class=\"elementor-widget-container\">\n\t\t\t\t\t\t\t\t\t<p>Prosz\u0119 wype\u0142ni\u0107 przedstawion\u0105 ankiet\u0119, aby pozna\u0107 dok\u0142adn\u0105 cen\u0119 us\u0142ug ksi\u0119gowych.<\/p>\t\t\t\t\t\t\t\t<\/div>\n\t\t\t\t<\/div>\n\t\t\t\t<div class=\"elementor-element elementor-element-ab3cea6 elementor-button-align-stretch elementor-widget elementor-widget-form\" data-id=\"ab3cea6\" data-element_type=\"widget\" data-e-type=\"widget\" data-settings=\"{&quot;step_next_label&quot;:&quot;Nast\\u0119pny&quot;,&quot;step_previous_label&quot;:&quot;Poprzedni&quot;,&quot;button_width&quot;:&quot;100&quot;,&quot;step_type&quot;:&quot;number_text&quot;,&quot;step_icon_shape&quot;:&quot;circle&quot;}\" data-widget_type=\"form.default\">\n\t\t\t\t<div class=\"elementor-widget-container\">\n\t\t\t\t\t\t\t<form class=\"elementor-form\" method=\"post\" id=\"formabuhalterija\" name=\"Cena us\u0142ug: Ksi\u0119gowo\u015b\u0107\">\n\t\t\t<input type=\"hidden\" name=\"post_id\" value=\"5519\"\/>\n\t\t\t<input type=\"hidden\" name=\"form_id\" value=\"ab3cea6\"\/>\n\t\t\t<input type=\"hidden\" name=\"referer_title\" value=\"Cena us\u0142ug ksi\u0119gowych - finaura.lt\" \/>\n\n\t\t\t\t\t\t\t<input type=\"hidden\" name=\"queried_id\" value=\"5519\"\/>\n\t\t\t\n\t\t\t<div class=\"elementor-form-fields-wrapper elementor-labels-above\">\n\t\t\t\t\t\t\t\t<div class=\"elementor-field-type-text elementor-field-group elementor-column elementor-field-group-name elementor-col-50 elementor-field-required\">\n\t\t\t\t\t\t\t\t\t\t\t\t<label for=\"form-field-name\" class=\"elementor-field-label\">\n\t\t\t\t\t\t\t\tImi\u0119\t\t\t\t\t\t\t<\/label>\n\t\t\t\t\t\t\t\t\t\t\t\t\t\t<input size=\"1\" type=\"text\" name=\"form_fields[name]\" id=\"form-field-name\" class=\"elementor-field elementor-size-sm  elementor-field-textual\" placeholder=\"Imi\u0119\" required=\"required\">\n\t\t\t\t\t\t\t\t\t\t\t<\/div>\n\t\t\t\t\t\t\t\t<div class=\"elementor-field-type-email elementor-field-group elementor-column elementor-field-group-email elementor-col-50 elementor-field-required\">\n\t\t\t\t\t\t\t\t\t\t\t\t<label for=\"form-field-email\" class=\"elementor-field-label\">\n\t\t\t\t\t\t\t\tAdres e-mail \t\t\t\t\t\t\t<\/label>\n\t\t\t\t\t\t\t\t\t\t\t\t\t\t<input size=\"1\" type=\"email\" name=\"form_fields[email]\" id=\"form-field-email\" class=\"elementor-field elementor-size-sm  elementor-field-textual\" placeholder=\"Adres e-mail \" required=\"required\">\n\t\t\t\t\t\t\t\t\t\t\t<\/div>\n\t\t\t\t\t\t\t\t<div class=\"elementor-field-type-number elementor-field-group elementor-column elementor-field-group-field_65dfc78 elementor-col-33 elementor-field-required\">\n\t\t\t\t\t\t\t\t\t\t\t\t<label for=\"form-field-field_65dfc78\" class=\"elementor-field-label\">\n\t\t\t\t\t\t\t\tLiczba pracownik\u00f3w\t\t\t\t\t\t\t<\/label>\n\t\t\t\t\t\t\t\t\t<input type=\"number\" name=\"form_fields[field_65dfc78]\" id=\"form-field-field_65dfc78\" class=\"elementor-field elementor-size-sm  elementor-field-textual\" value=\"1\" required=\"required\" min=\"0\" max=\"\" >\n\t\t\t\t\t\t<\/div>\n\t\t\t\t\t\t\t\t<div class=\"elementor-field-type-number elementor-field-group elementor-column elementor-field-group-field_263ac43 elementor-col-33 elementor-field-required\">\n\t\t\t\t\t\t\t\t\t\t\t\t<label for=\"form-field-field_263ac43\" class=\"elementor-field-label\">\n\t\t\t\t\t\t\t\tLiczba dokument\u00f3w zakupowych:\t\t\t\t\t\t\t<\/label>\n\t\t\t\t\t\t\t\t\t<input type=\"number\" name=\"form_fields[field_263ac43]\" id=\"form-field-field_263ac43\" class=\"elementor-field elementor-size-sm  elementor-field-textual\" value=\"1\" required=\"required\" min=\"1\" max=\"\" >\n\t\t\t\t\t\t<\/div>\n\t\t\t\t\t\t\t\t<div class=\"elementor-field-type-number elementor-field-group elementor-column elementor-field-group-field_5f4bf8d elementor-col-33 elementor-field-required\">\n\t\t\t\t\t\t\t\t\t\t\t\t<label for=\"form-field-field_5f4bf8d\" class=\"elementor-field-label\">\n\t\t\t\t\t\t\t\tLiczba dokument\u00f3w sprzeda\u017cowych:\t\t\t\t\t\t\t<\/label>\n\t\t\t\t\t\t\t\t\t<input type=\"number\" name=\"form_fields[field_5f4bf8d]\" id=\"form-field-field_5f4bf8d\" class=\"elementor-field elementor-size-sm  elementor-field-textual\" value=\"1\" required=\"required\" min=\"1\" max=\"\" >\n\t\t\t\t\t\t<\/div>\n\t\t\t\t\t\t\t\t<div class=\"elementor-field-type-number elementor-field-group elementor-column elementor-field-group-field_3443d90 elementor-col-33 elementor-field-required\">\n\t\t\t\t\t\t\t\t\t\t\t\t<label for=\"form-field-field_3443d90\" class=\"elementor-field-label\">\n\t\t\t\t\t\t\t\tLiczba operacji bankowych\t\t\t\t\t\t\t<\/label>\n\t\t\t\t\t\t\t\t\t<input type=\"number\" name=\"form_fields[field_3443d90]\" id=\"form-field-field_3443d90\" class=\"elementor-field elementor-size-sm  elementor-field-textual\" value=\"1\" required=\"required\" min=\"1\" max=\"\" >\n\t\t\t\t\t\t<\/div>\n\t\t\t\t\t\t\t\t<div class=\"elementor-field-type-number elementor-field-group elementor-column elementor-field-group-field_3b91993 elementor-col-33 elementor-field-required\">\n\t\t\t\t\t\t\t\t\t\t\t\t<label for=\"form-field-field_3b91993\" class=\"elementor-field-label\">\n\t\t\t\t\t\t\t\tLiczba operacji kasowych\t\t\t\t\t\t\t<\/label>\n\t\t\t\t\t\t\t\t\t<input type=\"number\" name=\"form_fields[field_3b91993]\" id=\"form-field-field_3b91993\" class=\"elementor-field elementor-size-sm  elementor-field-textual\" value=\"1\" required=\"required\" min=\"1\" max=\"\" >\n\t\t\t\t\t\t<\/div>\n\t\t\t\t\t\t\t\t<div class=\"elementor-field-type-radio elementor-field-group elementor-column elementor-field-group-field_ef5517c elementor-col-33 elementor-field-required\">\n\t\t\t\t\t\t\t\t\t\t\t\t<label for=\"form-field-field_ef5517c\" class=\"elementor-field-label\">\n\t\t\t\t\t\t\t\tCzy towary s\u0105 nabywane z zagranicy?\t\t\t\t\t\t\t<\/label>\n\t\t\t\t\t\t<div class=\"elementor-field-subgroup  \"><span class=\"elementor-field-option\"><input type=\"radio\" value=\"NIE\" id=\"form-field-field_ef5517c-0\" name=\"form_fields[field_ef5517c]\" required=\"required\"> <label for=\"form-field-field_ef5517c-0\">NIE<\/label><\/span><span class=\"elementor-field-option\"><input type=\"radio\" value=\"TAK\" id=\"form-field-field_ef5517c-1\" name=\"form_fields[field_ef5517c]\" required=\"required\"> <label for=\"form-field-field_ef5517c-1\">TAK<\/label><\/span><\/div>\t\t\t\t<\/div>\n\t\t\t\t\t\t\t\t<div class=\"elementor-field-type-radio elementor-field-group elementor-column elementor-field-group-field_f69f684 elementor-col-33 elementor-field-required\">\n\t\t\t\t\t\t\t\t\t\t\t\t<label for=\"form-field-field_f69f684\" class=\"elementor-field-label\">\n\t\t\t\t\t\t\t\tCzy towary s\u0105 kupowane od os\u00f3b fizycznych prowadz\u0105cych dzia\u0142alno\u015b\u0107 gospodarcz\u0105 na podstawie dzia\u0142alno\u015bci indywidualnej lub licencji biznesowej?\t\t\t\t\t\t\t<\/label>\n\t\t\t\t\t\t<div class=\"elementor-field-subgroup  \"><span class=\"elementor-field-option\"><input type=\"radio\" value=\"NIE\" id=\"form-field-field_f69f684-0\" name=\"form_fields[field_f69f684]\" required=\"required\"> <label for=\"form-field-field_f69f684-0\">NIE<\/label><\/span><span class=\"elementor-field-option\"><input type=\"radio\" value=\"TAK\" id=\"form-field-field_f69f684-1\" name=\"form_fields[field_f69f684]\" required=\"required\"> <label for=\"form-field-field_f69f684-1\">TAK<\/label><\/span><\/div>\t\t\t\t<\/div>\n\t\t\t\t\t\t\t\t<div class=\"elementor-field-type-radio elementor-field-group elementor-column elementor-field-group-field_ee59d5e elementor-col-33 elementor-field-required\">\n\t\t\t\t\t\t\t\t\t\t\t\t<label for=\"form-field-field_ee59d5e\" class=\"elementor-field-label\">\n\t\t\t\t\t\t\t\tCzy s\u0105 sprzeda\u017ce do kraj\u00f3w Unii Europejskiej?\t\t\t\t\t\t\t<\/label>\n\t\t\t\t\t\t<div class=\"elementor-field-subgroup  \"><span class=\"elementor-field-option\"><input type=\"radio\" value=\"NIE\" id=\"form-field-field_ee59d5e-0\" name=\"form_fields[field_ee59d5e]\" required=\"required\"> <label for=\"form-field-field_ee59d5e-0\">NIE<\/label><\/span><span class=\"elementor-field-option\"><input type=\"radio\" value=\"TAK\" id=\"form-field-field_ee59d5e-1\" name=\"form_fields[field_ee59d5e]\" required=\"required\"> <label for=\"form-field-field_ee59d5e-1\">TAK<\/label><\/span><\/div>\t\t\t\t<\/div>\n\t\t\t\t\t\t\t\t<div class=\"elementor-field-type-radio elementor-field-group elementor-column elementor-field-group-field_fa3d9dc elementor-col-33 elementor-field-required\">\n\t\t\t\t\t\t\t\t\t\t\t\t<label for=\"form-field-field_fa3d9dc\" class=\"elementor-field-label\">\n\t\t\t\t\t\t\t\tCzy s\u0105 sprzeda\u017ce do kraj\u00f3w trzecich (eksport)?\t\t\t\t\t\t\t<\/label>\n\t\t\t\t\t\t<div class=\"elementor-field-subgroup  \"><span class=\"elementor-field-option\"><input type=\"radio\" value=\"NIE\" id=\"form-field-field_fa3d9dc-0\" name=\"form_fields[field_fa3d9dc]\" required=\"required\"> <label for=\"form-field-field_fa3d9dc-0\">NIE<\/label><\/span><span class=\"elementor-field-option\"><input type=\"radio\" value=\"TAK\" id=\"form-field-field_fa3d9dc-1\" name=\"form_fields[field_fa3d9dc]\" required=\"required\"> <label for=\"form-field-field_fa3d9dc-1\">TAK<\/label><\/span><\/div>\t\t\t\t<\/div>\n\t\t\t\t\t\t\t\t<div class=\"elementor-field-type-number elementor-field-group elementor-column elementor-field-group-field_56bcb28 elementor-col-33 elementor-field-required\">\n\t\t\t\t\t\t\t\t\t\t\t\t<label for=\"form-field-field_56bcb28\" class=\"elementor-field-label\">\n\t\t\t\t\t\t\t\tCzy s\u0105 kasy fiskalne (ile sztuk)?\t\t\t\t\t\t\t<\/label>\n\t\t\t\t\t\t\t\t\t<input type=\"number\" name=\"form_fields[field_56bcb28]\" id=\"form-field-field_56bcb28\" class=\"elementor-field elementor-size-sm  elementor-field-textual\" required=\"required\" min=\"0\" max=\"\" >\n\t\t\t\t\t\t<\/div>\n\t\t\t\t\t\t\t\t<div class=\"elementor-field-type-number elementor-field-group elementor-column elementor-field-group-field_ee40b68 elementor-col-33 elementor-field-required\">\n\t\t\t\t\t\t\t\t\t\t\t\t<label for=\"form-field-field_ee40b68\" class=\"elementor-field-label\">\n\t\t\t\t\t\t\t\tLiczba jednostek \u015brodk\u00f3w trwa\u0142ych\t\t\t\t\t\t\t<\/label>\n\t\t\t\t\t\t\t\t\t<input type=\"number\" name=\"form_fields[field_ee40b68]\" id=\"form-field-field_ee40b68\" class=\"elementor-field elementor-size-sm  elementor-field-textual\" required=\"required\" min=\"0\" max=\"\" >\n\t\t\t\t\t\t<\/div>\n\t\t\t\t\t\t\t\t<div class=\"elementor-field-type-radio elementor-field-group elementor-column elementor-field-group-field_519656c elementor-col-33 elementor-field-required\">\n\t\t\t\t\t\t\t\t\t\t\t\t<label for=\"form-field-field_519656c\" class=\"elementor-field-label\">\n\t\t\t\t\t\t\t\tCzy firma posiada nieruchomo\u015bci?\t\t\t\t\t\t\t<\/label>\n\t\t\t\t\t\t<div class=\"elementor-field-subgroup  \"><span class=\"elementor-field-option\"><input type=\"radio\" value=\"NIE\" id=\"form-field-field_519656c-0\" name=\"form_fields[field_519656c]\" required=\"required\"> <label for=\"form-field-field_519656c-0\">NIE<\/label><\/span><span class=\"elementor-field-option\"><input type=\"radio\" value=\"TAK\" id=\"form-field-field_519656c-1\" name=\"form_fields[field_519656c]\" required=\"required\"> <label for=\"form-field-field_519656c-1\">TAK<\/label><\/span><\/div>\t\t\t\t<\/div>\n\t\t\t\t\t\t\t\t<div class=\"elementor-field-type-radio elementor-field-group elementor-column elementor-field-group-field_382d6b6 elementor-col-33 elementor-field-required\">\n\t\t\t\t\t\t\t\t\t\t\t\t<label for=\"form-field-field_382d6b6\" class=\"elementor-field-label\">\n\t\t\t\t\t\t\t\tCzy firma wynajmuje pomieszczenia od osoby fizycznej?\t\t\t\t\t\t\t<\/label>\n\t\t\t\t\t\t<div class=\"elementor-field-subgroup  \"><span class=\"elementor-field-option\"><input type=\"radio\" value=\"NIE\" id=\"form-field-field_382d6b6-0\" name=\"form_fields[field_382d6b6]\" required=\"required\"> <label for=\"form-field-field_382d6b6-0\">NIE<\/label><\/span><span class=\"elementor-field-option\"><input type=\"radio\" value=\"TAK\" id=\"form-field-field_382d6b6-1\" name=\"form_fields[field_382d6b6]\" required=\"required\"> <label for=\"form-field-field_382d6b6-1\">TAK<\/label><\/span><\/div>\t\t\t\t<\/div>\n\t\t\t\t\t\t\t\t<div class=\"elementor-field-type-number elementor-field-group elementor-column elementor-field-group-field_9f7c79e elementor-col-33 elementor-field-required\">\n\t\t\t\t\t\t\t\t\t\t\t\t<label for=\"form-field-field_9f7c79e\" class=\"elementor-field-label\">\n\t\t\t\t\t\t\t\tLiczba u\u017cywanych \u015brodk\u00f3w transportu?\t\t\t\t\t\t\t<\/label>\n\t\t\t\t\t\t\t\t\t<input type=\"number\" name=\"form_fields[field_9f7c79e]\" id=\"form-field-field_9f7c79e\" class=\"elementor-field elementor-size-sm  elementor-field-textual\" required=\"required\" min=\"0\" max=\"\" >\n\t\t\t\t\t\t<\/div>\n\t\t\t\t\t\t\t\t<div class=\"elementor-field-type-radio elementor-field-group elementor-column elementor-field-group-field_19f1277 elementor-col-33 elementor-field-required\">\n\t\t\t\t\t\t\t\t\t\t\t\t<label for=\"form-field-field_19f1277\" class=\"elementor-field-label\">\n\t\t\t\t\t\t\t\tCzy s\u0105 zakupy za got\u00f3wk\u0119?\t\t\t\t\t\t\t<\/label>\n\t\t\t\t\t\t<div class=\"elementor-field-subgroup  \"><span class=\"elementor-field-option\"><input type=\"radio\" value=\"NIE\" id=\"form-field-field_19f1277-0\" name=\"form_fields[field_19f1277]\" required=\"required\"> <label for=\"form-field-field_19f1277-0\">NIE<\/label><\/span><span class=\"elementor-field-option\"><input type=\"radio\" value=\"TAK\" id=\"form-field-field_19f1277-1\" name=\"form_fields[field_19f1277]\" required=\"required\"> <label for=\"form-field-field_19f1277-1\">TAK<\/label><\/span><\/div>\t\t\t\t<\/div>\n\t\t\t\t\t\t\t\t<div class=\"elementor-field-type-number elementor-field-group elementor-column elementor-field-group-field_08ab78f elementor-col-33 elementor-field-required\">\n\t\t\t\t\t\t\t\t\t\t\t\t<label for=\"form-field-field_08ab78f\" class=\"elementor-field-label\">\n\t\t\t\t\t\t\t\tIlu pracownik\u00f3w ma prawo dokonywa\u0107 zakup\u00f3w za got\u00f3wk\u0119?\t\t\t\t\t\t\t<\/label>\n\t\t\t\t\t\t\t\t\t<input type=\"number\" name=\"form_fields[field_08ab78f]\" id=\"form-field-field_08ab78f\" class=\"elementor-field elementor-size-sm  elementor-field-textual\" required=\"required\" min=\"0\" max=\"\" >\n\t\t\t\t\t\t<\/div>\n\t\t\t\t\t\t\t\t<div class=\"elementor-field-type-radio elementor-field-group elementor-column elementor-field-group-field_909ee7e elementor-col-33 elementor-field-required\">\n\t\t\t\t\t\t\t\t\t\t\t\t<label for=\"form-field-field_909ee7e\" class=\"elementor-field-label\">\n\t\t\t\t\t\t\t\tCzy pracownicy wyje\u017cd\u017caj\u0105 na delegacje?\t\t\t\t\t\t\t<\/label>\n\t\t\t\t\t\t<div class=\"elementor-field-subgroup  \"><span class=\"elementor-field-option\"><input type=\"radio\" value=\"NIE\" id=\"form-field-field_909ee7e-0\" name=\"form_fields[field_909ee7e]\" required=\"required\"> <label for=\"form-field-field_909ee7e-0\">NIE<\/label><\/span><span class=\"elementor-field-option\"><input type=\"radio\" value=\"TAK\" id=\"form-field-field_909ee7e-1\" name=\"form_fields[field_909ee7e]\" required=\"required\"> <label for=\"form-field-field_909ee7e-1\">TAK<\/label><\/span><\/div>\t\t\t\t<\/div>\n\t\t\t\t\t\t\t\t<div class=\"elementor-field-type-number elementor-field-group elementor-column elementor-field-group-field_e5e08cf elementor-col-33 elementor-field-required\">\n\t\t\t\t\t\t\t\t\t\t\t\t<label for=\"form-field-field_e5e08cf\" class=\"elementor-field-label\">\n\t\t\t\t\t\t\t\tCzy trzeba sporz\u0105dza\u0107 dokumenty personalne (umowy o prac\u0119, zarz\u0105dzenia dotycz\u0105ce zatrudnienia, zwolnienia, udzielania urlop\u00f3w itp.)? Je\u015bli tak, jaka jest przybli\u017cona liczba przygotowywanych dokument\u00f3w miesi\u0119cznie? \t\t\t\t\t\t\t<\/label>\n\t\t\t\t\t\t\t\t\t<input type=\"number\" name=\"form_fields[field_e5e08cf]\" id=\"form-field-field_e5e08cf\" class=\"elementor-field elementor-size-sm  elementor-field-textual\" required=\"required\" min=\"0\" max=\"\" >\n\t\t\t\t\t\t<\/div>\n\t\t\t\t\t\t\t\t<div class=\"elementor-field-type-radio elementor-field-group elementor-column elementor-field-group-field_61d58c2 elementor-col-33 elementor-field-required\">\n\t\t\t\t\t\t\t\t\t\t\t\t<label for=\"form-field-field_61d58c2\" class=\"elementor-field-label\">\n\t\t\t\t\t\t\t\tCzy zosta\u0142y udzielone lub otrzymane po\u017cyczki dla podmiot\u00f3w powi\u0105zanych?\t\t\t\t\t\t\t<\/label>\n\t\t\t\t\t\t<div class=\"elementor-field-subgroup  \"><span class=\"elementor-field-option\"><input type=\"radio\" value=\"NIE\" id=\"form-field-field_61d58c2-0\" name=\"form_fields[field_61d58c2]\" required=\"required\"> <label for=\"form-field-field_61d58c2-0\">NIE<\/label><\/span><span class=\"elementor-field-option\"><input type=\"radio\" value=\"TAK\" id=\"form-field-field_61d58c2-1\" name=\"form_fields[field_61d58c2]\" required=\"required\"> <label for=\"form-field-field_61d58c2-1\">TAK<\/label><\/span><\/div>\t\t\t\t<\/div>\n\t\t\t\t\t\t\t\t<div class=\"elementor-field-type-radio elementor-field-group elementor-column elementor-field-group-field_d7d3e6c elementor-col-33 elementor-field-required\">\n\t\t\t\t\t\t\t\t\t\t\t\t<label for=\"form-field-field_d7d3e6c\" class=\"elementor-field-label\">\n\t\t\t\t\t\t\t\tCzy firma jest p\u0142atnikiem VAT?\t\t\t\t\t\t\t<\/label>\n\t\t\t\t\t\t<div class=\"elementor-field-subgroup  \"><span class=\"elementor-field-option\"><input type=\"radio\" value=\"NIE\" id=\"form-field-field_d7d3e6c-0\" name=\"form_fields[field_d7d3e6c]\" required=\"required\"> <label for=\"form-field-field_d7d3e6c-0\">NIE<\/label><\/span><span class=\"elementor-field-option\"><input type=\"radio\" value=\"TAK\" id=\"form-field-field_d7d3e6c-1\" name=\"form_fields[field_d7d3e6c]\" required=\"required\"> <label for=\"form-field-field_d7d3e6c-1\">TAK<\/label><\/span><\/div>\t\t\t\t<\/div>\n\t\t\t\t\t\t\t\t<div class=\"elementor-field-type-radio elementor-field-group elementor-column elementor-field-group-field_f1b4f87 elementor-col-33 elementor-field-required\">\n\t\t\t\t\t\t\t\t\t\t\t\t<label for=\"form-field-field_f1b4f87\" class=\"elementor-field-label\">\n\t\t\t\t\t\t\t\tCzy firma u\u017cywa programu magazynowego?\t\t\t\t\t\t\t<\/label>\n\t\t\t\t\t\t<div class=\"elementor-field-subgroup  \"><span class=\"elementor-field-option\"><input type=\"radio\" value=\"NIE\" id=\"form-field-field_f1b4f87-0\" name=\"form_fields[field_f1b4f87]\" required=\"required\"> <label for=\"form-field-field_f1b4f87-0\">NIE<\/label><\/span><span class=\"elementor-field-option\"><input type=\"radio\" value=\"TAK\" id=\"form-field-field_f1b4f87-1\" name=\"form_fields[field_f1b4f87]\" required=\"required\"> <label for=\"form-field-field_f1b4f87-1\">TAK<\/label><\/span><\/div>\t\t\t\t<\/div>\n\t\t\t\t\t\t\t\t<div class=\"elementor-field-type-radio elementor-field-group elementor-column elementor-field-group-field_50a08ce elementor-col-33 elementor-field-required\">\n\t\t\t\t\t\t\t\t\t\t\t\t<label for=\"form-field-field_50a08ce\" class=\"elementor-field-label\">\n\t\t\t\t\t\t\t\tCzy firma samodzielnie wystawia faktury z programu ksi\u0119gowego?\t\t\t\t\t\t\t<\/label>\n\t\t\t\t\t\t<div class=\"elementor-field-subgroup  \"><span class=\"elementor-field-option\"><input type=\"radio\" value=\"NIE\" id=\"form-field-field_50a08ce-0\" name=\"form_fields[field_50a08ce]\" required=\"required\"> <label for=\"form-field-field_50a08ce-0\">NIE<\/label><\/span><span class=\"elementor-field-option\"><input type=\"radio\" value=\"TAK\" id=\"form-field-field_50a08ce-1\" name=\"form_fields[field_50a08ce]\" required=\"required\"> <label for=\"form-field-field_50a08ce-1\">TAK<\/label><\/span><\/div>\t\t\t\t<\/div>\n\t\t\t\t\t\t\t\t<div class=\"elementor-field-type-text elementor-field-group elementor-column elementor-field-group-field_aeb5761 elementor-col-100 elementor-field-required\">\n\t\t\t\t\t\t\t\t\t\t\t\t<label for=\"form-field-field_aeb5761\" class=\"elementor-field-label\">\n\t\t\t\t\t\t\t\tW jakim mie\u015bcie firma prowadzi dzia\u0142alno\u015b\u0107?\t\t\t\t\t\t\t<\/label>\n\t\t\t\t\t\t\t\t\t\t\t\t\t\t<input size=\"1\" type=\"text\" name=\"form_fields[field_aeb5761]\" id=\"form-field-field_aeb5761\" class=\"elementor-field elementor-size-sm  elementor-field-textual\" placeholder=\"Np. Wilno \" required=\"required\">\n\t\t\t\t\t\t\t\t\t\t\t<\/div>\n\t\t\t\t\t\t\t\t<div class=\"elementor-field-type-text elementor-field-group elementor-column elementor-field-group-field_a0158cb elementor-col-100 elementor-field-required\">\n\t\t\t\t\t\t\t\t\t\t\t\t<label for=\"form-field-field_a0158cb\" class=\"elementor-field-label\">\n\t\t\t\t\t\t\t\tJaka jest g\u0142\u00f3wna dzia\u0142alno\u015b\u0107 firmy?\t\t\t\t\t\t\t<\/label>\n\t\t\t\t\t\t\t\t\t\t\t\t\t\t<input size=\"1\" type=\"text\" name=\"form_fields[field_a0158cb]\" id=\"form-field-field_a0158cb\" class=\"elementor-field elementor-size-sm  elementor-field-textual\" required=\"required\">\n\t\t\t\t\t\t\t\t\t\t\t<\/div>\n\t\t\t\t\t\t\t\t<div class=\"elementor-field-type-text elementor-field-group elementor-column elementor-field-group-field_f46ca1f elementor-col-100 elementor-field-required\">\n\t\t\t\t\t\t\t\t\t\t\t\t<label for=\"form-field-field_f46ca1f\" class=\"elementor-field-label\">\n\t\t\t\t\t\t\t\tInne dodatkowe informacje\t\t\t\t\t\t\t<\/label>\n\t\t\t\t\t\t\t\t\t\t\t\t\t\t<input size=\"1\" type=\"text\" name=\"form_fields[field_f46ca1f]\" id=\"form-field-field_f46ca1f\" class=\"elementor-field elementor-size-sm  elementor-field-textual\" required=\"required\">\n\t\t\t\t\t\t\t\t\t\t\t<\/div>\n\t\t\t\t\t\t\t\t<div class=\"elementor-field-group elementor-column elementor-field-type-submit elementor-col-100 e-form__buttons\">\n\t\t\t\t\t<button class=\"elementor-button elementor-size-sm\" type=\"submit\">\n\t\t\t\t\t\t<span class=\"elementor-button-content-wrapper\">\n\t\t\t\t\t\t\t\t\t\t\t\t\t\t\t\t\t\t\t\t\t\t<span class=\"elementor-button-text\">Wy\u015blij<\/span>\n\t\t\t\t\t\t\t\t\t\t\t\t\t<\/span>\n\t\t\t\t\t<\/button>\n\t\t\t\t<\/div>\n\t\t\t<\/div>\n\t\t<\/form>\n\t\t\t\t\t\t<\/div>\n\t\t\t\t<\/div>\n\t\t\t\t\t<\/div>\n\t\t\t\t<\/div>\n\t\t\t\t<\/div>\n\t\t","protected":false},"excerpt":{"rendered":"<p>CENA us\u0142ug ksi\u0119gowych Prosz\u0119 wype\u0142ni\u0107 przedstawion\u0105 ankiet\u0119, aby pozna\u0107 dok\u0142adn\u0105 cen\u0119 us\u0142ug ksi\u0119gowych.<\/p>\n","protected":false},"author":1,"featured_media":5324,"parent":0,"menu_order":0,"comment_status":"closed","ping_status":"closed","template":"","meta":{"_acf_changed":false,"footnotes":""},"class_list":["post-5519","page","type-page","status-publish","has-post-thumbnail","hentry"],"acf":[],"_links":{"self":[{"href":"https:\/\/www.finaura.lt\/pl\/wp-json\/wp\/v2\/pages\/5519","targetHints":{"allow":["GET"]}}],"collection":[{"href":"https:\/\/www.finaura.lt\/pl\/wp-json\/wp\/v2\/pages"}],"about":[{"href":"https:\/\/www.finaura.lt\/pl\/wp-json\/wp\/v2\/types\/page"}],"author":[{"embeddable":true,"href":"https:\/\/www.finaura.lt\/pl\/wp-json\/wp\/v2\/users\/1"}],"replies":[{"embeddable":true,"href":"https:\/\/www.finaura.lt\/pl\/wp-json\/wp\/v2\/comments?post=5519"}],"version-history":[{"count":1,"href":"https:\/\/www.finaura.lt\/pl\/wp-json\/wp\/v2\/pages\/5519\/revisions"}],"predecessor-version":[{"id":5520,"href":"https:\/\/www.finaura.lt\/pl\/wp-json\/wp\/v2\/pages\/5519\/revisions\/5520"}],"wp:featuredmedia":[{"embeddable":true,"href":"https:\/\/www.finaura.lt\/pl\/wp-json\/wp\/v2\/media\/5324"}],"wp:attachment":[{"href":"https:\/\/www.finaura.lt\/pl\/wp-json\/wp\/v2\/media?parent=5519"}],"curies":[{"name":"wp","href":"https:\/\/api.w.org\/{rel}","templated":true}]}}