{"id":5532,"date":"2013-06-09T15:28:05","date_gmt":"2013-06-09T15:28:05","guid":{"rendered":"https:\/\/www.finaura.lt\/zasadnicze-zasady-dzialalnosci\/"},"modified":"2025-05-16T13:28:18","modified_gmt":"2025-05-16T13:28:18","slug":"zasadnicze-zasady-dzialalnosci","status":"publish","type":"page","link":"https:\/\/www.finaura.lt\/pl\/zasadnicze-zasady-dzialalnosci\/","title":{"rendered":"Zasadnicze zasady dzia\u0142alno\u015bci"},"content":{"rendered":"\t\t<div data-elementor-type=\"wp-page\" data-elementor-id=\"5532\" class=\"elementor elementor-5532 elementor-36\" data-elementor-post-type=\"page\">\n\t\t\t\t<div class=\"elementor-element elementor-element-4c43a6c e-flex e-con-boxed e-con e-parent\" data-id=\"4c43a6c\" data-element_type=\"container\" data-e-type=\"container\">\n\t\t\t\t\t<div class=\"e-con-inner\">\n\t\t\t\t<div class=\"elementor-element elementor-element-bde214b elementor-widget elementor-widget-heading\" data-id=\"bde214b\" data-element_type=\"widget\" data-e-type=\"widget\" data-widget_type=\"heading.default\">\n\t\t\t\t<div class=\"elementor-widget-container\">\n\t\t\t\t\t<h2 class=\"elementor-heading-title elementor-size-default\">Nasze warto\u015bci<\/h2>\t\t\t\t<\/div>\n\t\t\t\t<\/div>\n\t\t<div class=\"elementor-element elementor-element-58b1fd5 e-grid e-con-full e-con e-child\" data-id=\"58b1fd5\" data-element_type=\"container\" data-e-type=\"container\">\n\t\t\t\t<div class=\"elementor-element elementor-element-a81382d elementor-position-top elementor-widget elementor-widget-image-box\" data-id=\"a81382d\" data-element_type=\"widget\" data-e-type=\"widget\" data-widget_type=\"image-box.default\">\n\t\t\t\t<div class=\"elementor-widget-container\">\n\t\t\t\t\t<div class=\"elementor-image-box-wrapper\"><figure class=\"elementor-image-box-img\"><img decoding=\"async\" width=\"100\" height=\"102\" src=\"https:\/\/www.finaura.lt\/wp-content\/uploads\/2020\/08\/finaura-darbas.png\" class=\"attachment-full size-full wp-image-618\" alt=\"\" \/><\/figure><div class=\"elementor-image-box-content\"><h3 class=\"elementor-image-box-title\">WYDAJNO\u015a\u0106 PRACY I ODPOWIEDZIALNO\u015a\u0106<\/h3><p class=\"elementor-image-box-description\">Firma opiera swoj\u0105 dzia\u0142alno\u015b\u0107 na wydajno\u015bci pracy i odpowiedzialno\u015bci. Prawid\u0142owe i odpowiedzialne decyzje gwarantuj\u0105 i b\u0119d\u0105 gwarantowa\u0107 sukces firmy oraz spe\u0142ni\u0105 oczekiwania klient\u00f3w, a efektywna praca jest i b\u0119dzie gwarancj\u0105 sukcesu firmy oraz zaufania. <\/p><\/div><\/div>\t\t\t\t<\/div>\n\t\t\t\t<\/div>\n\t\t\t\t<div class=\"elementor-element elementor-element-c38d0b5 elementor-position-top elementor-widget elementor-widget-image-box\" data-id=\"c38d0b5\" data-element_type=\"widget\" data-e-type=\"widget\" data-widget_type=\"image-box.default\">\n\t\t\t\t<div class=\"elementor-widget-container\">\n\t\t\t\t\t<div class=\"elementor-image-box-wrapper\"><figure class=\"elementor-image-box-img\"><img decoding=\"async\" width=\"105\" height=\"102\" src=\"https:\/\/www.finaura.lt\/wp-content\/uploads\/2020\/08\/finaura-saziningumas.png\" class=\"attachment-full size-full wp-image-619\" alt=\"\" \/><\/figure><div class=\"elementor-image-box-content\"><h3 class=\"elementor-image-box-title\">UCZCIWO\u015a\u0106<\/h3><p class=\"elementor-image-box-description\">\n\nNie boj\u0105c si\u0119 wyzwa\u0144 i odwa\u017cnie realizuj\u0105c cele dzia\u0142alno\u015bci firmy, jeste\u015bmy i pozostaniemy uczciwi wobec wsp\u00f3\u0142pracownik\u00f3w, partner\u00f3w biznesowych oraz klient\u00f3w.<\/p><\/div><\/div>\t\t\t\t<\/div>\n\t\t\t\t<\/div>\n\t\t\t\t<div class=\"elementor-element elementor-element-f5cf5eb elementor-position-top elementor-widget elementor-widget-image-box\" data-id=\"f5cf5eb\" data-element_type=\"widget\" data-e-type=\"widget\" data-widget_type=\"image-box.default\">\n\t\t\t\t<div class=\"elementor-widget-container\">\n\t\t\t\t\t<div class=\"elementor-image-box-wrapper\"><figure class=\"elementor-image-box-img\"><img decoding=\"async\" width=\"104\" height=\"102\" src=\"https:\/\/www.finaura.lt\/wp-content\/uploads\/2020\/08\/finaura-klientai2.png\" class=\"attachment-full size-full wp-image-624\" alt=\"\" \/><\/figure><div class=\"elementor-image-box-content\"><h3 class=\"elementor-image-box-title\">KLIENCI<\/h3><p class=\"elementor-image-box-description\">Klienci firmy s\u0105 podstaw\u0105 naszego biznesu, najlepszym nauczycielem i oceniaj\u0105cym wykonan\u0105 prac\u0119. Sukces i pomy\u015blno\u015b\u0107 osi\u0105gniemy tylko poprzez aktywn\u0105, rzeczow\u0105, uczciw\u0105 i sumienn\u0105 wsp\u00f3\u0142prac\u0119 z naszymi klientami. Oczekiwania i porady wszystkich klient\u00f3w s\u0105 dla nas jednakowo wa\u017cne i istotne.  <\/p><\/div><\/div>\t\t\t\t<\/div>\n\t\t\t\t<\/div>\n\t\t\t\t<div class=\"elementor-element elementor-element-6f056f1 elementor-position-top elementor-widget elementor-widget-image-box\" data-id=\"6f056f1\" data-element_type=\"widget\" data-e-type=\"widget\" data-widget_type=\"image-box.default\">\n\t\t\t\t<div class=\"elementor-widget-container\">\n\t\t\t\t\t<div class=\"elementor-image-box-wrapper\"><figure class=\"elementor-image-box-img\"><img loading=\"lazy\" decoding=\"async\" width=\"101\" height=\"102\" src=\"https:\/\/www.finaura.lt\/wp-content\/uploads\/2020\/08\/finaura-naujoves.png\" class=\"attachment-full size-full wp-image-626\" alt=\"\" \/><\/figure><div class=\"elementor-image-box-content\"><h3 class=\"elementor-image-box-title\">NOWO\u015aCI I ZMIANY<\/h3><p class=\"elementor-image-box-description\">Firma nieustannie d\u0105\u017cy do post\u0119pu, dlatego nie unika zmian i wprowadza innowacje. Nowe pomys\u0142y i wyzwania otwieraj\u0105 mo\u017cliwo\u015bci wdra\u017cania efektywniejszych standard\u00f3w \u015bwiadczenia us\u0142ug. Doskonalenie, zmiany i innowacje s\u0105 nieuniknione, aby przynosi\u0107 korzy\u015bci firmie i klientowi.  <\/p><\/div><\/div>\t\t\t\t<\/div>\n\t\t\t\t<\/div>\n\t\t\t\t<\/div>\n\t\t\t\t\t<\/div>\n\t\t\t\t<\/div>\n\t\t\t\t<section class=\"elementor-section elementor-top-section elementor-element elementor-element-c68506d elementor-section-boxed elementor-section-height-default elementor-section-height-default\" data-id=\"c68506d\" data-element_type=\"section\" data-e-type=\"section\">\n\t\t\t\t\t\t<div class=\"elementor-container elementor-column-gap-default\">\n\t\t\t\t\t<div class=\"elementor-column elementor-col-100 elementor-top-column elementor-element elementor-element-a851018\" data-id=\"a851018\" data-element_type=\"column\" data-e-type=\"column\">\n\t\t\t<div class=\"elementor-widget-wrap elementor-element-populated\">\n\t\t\t\t\t\t<div class=\"elementor-element elementor-element-c0c4015 elementor-widget elementor-widget-spacer\" data-id=\"c0c4015\" data-element_type=\"widget\" data-e-type=\"widget\" data-widget_type=\"spacer.default\">\n\t\t\t\t<div class=\"elementor-widget-container\">\n\t\t\t\t\t\t\t<div class=\"elementor-spacer\">\n\t\t\t<div class=\"elementor-spacer-inner\"><\/div>\n\t\t<\/div>\n\t\t\t\t\t\t<\/div>\n\t\t\t\t<\/div>\n\t\t\t\t\t<\/div>\n\t\t<\/div>\n\t\t\t\t\t<\/div>\n\t\t<\/section>\n\t\t\t\t<\/div>\n\t\t","protected":false},"excerpt":{"rendered":"<p>Nasze warto\u015bci WYDAJNO\u015a\u0106 PRACY I ODPOWIEDZIALNO\u015a\u0106 Firma opiera swoj\u0105 dzia\u0142alno\u015b\u0107 na wydajno\u015bci pracy i odpowiedzialno\u015bci. Prawid\u0142owe i odpowiedzialne decyzje gwarantuj\u0105 i b\u0119d\u0105 gwarantowa\u0107 sukces firmy oraz spe\u0142ni\u0105 oczekiwania klient\u00f3w, a efektywna praca jest i b\u0119dzie gwarancj\u0105 sukcesu firmy oraz zaufania. UCZCIWO\u015a\u0106 Nie boj\u0105c si\u0119 wyzwa\u0144 i odwa\u017cnie realizuj\u0105c cele dzia\u0142alno\u015bci firmy, jeste\u015bmy i pozostaniemy uczciwi [&hellip;]<\/p>\n","protected":false},"author":1,"featured_media":5631,"parent":0,"menu_order":0,"comment_status":"closed","ping_status":"closed","template":"","meta":{"_acf_changed":false,"footnotes":""},"class_list":["post-5532","page","type-page","status-publish","has-post-thumbnail","hentry"],"acf":[],"_links":{"self":[{"href":"https:\/\/www.finaura.lt\/pl\/wp-json\/wp\/v2\/pages\/5532","targetHints":{"allow":["GET"]}}],"collection":[{"href":"https:\/\/www.finaura.lt\/pl\/wp-json\/wp\/v2\/pages"}],"about":[{"href":"https:\/\/www.finaura.lt\/pl\/wp-json\/wp\/v2\/types\/page"}],"author":[{"embeddable":true,"href":"https:\/\/www.finaura.lt\/pl\/wp-json\/wp\/v2\/users\/1"}],"replies":[{"embeddable":true,"href":"https:\/\/www.finaura.lt\/pl\/wp-json\/wp\/v2\/comments?post=5532"}],"version-history":[{"count":1,"href":"https:\/\/www.finaura.lt\/pl\/wp-json\/wp\/v2\/pages\/5532\/revisions"}],"predecessor-version":[{"id":5533,"href":"https:\/\/www.finaura.lt\/pl\/wp-json\/wp\/v2\/pages\/5532\/revisions\/5533"}],"wp:featuredmedia":[{"embeddable":true,"href":"https:\/\/www.finaura.lt\/pl\/wp-json\/wp\/v2\/media\/5631"}],"wp:attachment":[{"href":"https:\/\/www.finaura.lt\/pl\/wp-json\/wp\/v2\/media?parent=5532"}],"curies":[{"name":"wp","href":"https:\/\/api.w.org\/{rel}","templated":true}]}}