{"id":5536,"date":"2020-08-28T04:58:33","date_gmt":"2020-08-28T04:58:33","guid":{"rendered":"https:\/\/www.finaura.lt\/formularz-zamowienia-roszczenia-prawnego\/"},"modified":"2025-05-16T13:41:38","modified_gmt":"2025-05-16T13:41:38","slug":"formularz-zamowienia-roszczenia-prawnego","status":"publish","type":"page","link":"https:\/\/www.finaura.lt\/pl\/formularz-zamowienia-roszczenia-prawnego\/","title":{"rendered":"Formularz zam\u00f3wienia roszczenia prawnego"},"content":{"rendered":"\t\t<div data-elementor-type=\"wp-page\" data-elementor-id=\"5536\" class=\"elementor elementor-5536 elementor-750\" data-elementor-post-type=\"page\">\n\t\t\t\t\t\t<section class=\"elementor-section elementor-top-section elementor-element elementor-element-d3d05b1 elementor-section-boxed elementor-section-height-default elementor-section-height-default\" data-id=\"d3d05b1\" data-element_type=\"section\" data-e-type=\"section\">\n\t\t\t\t\t\t<div class=\"elementor-container elementor-column-gap-default\">\n\t\t\t\t\t\t<\/div>\n\t\t<\/section>\n\t\t<div class=\"elementor-element elementor-element-bcde320 e-flex e-con-boxed e-con e-parent\" data-id=\"bcde320\" data-element_type=\"container\" data-e-type=\"container\">\n\t\t\t\t\t<div class=\"e-con-inner\">\n\t\t\t\t<div class=\"elementor-element elementor-element-af055b8 elementor-widget elementor-widget-heading\" data-id=\"af055b8\" data-element_type=\"widget\" data-e-type=\"widget\" data-widget_type=\"heading.default\">\n\t\t\t\t<div class=\"elementor-widget-container\">\n\t\t\t\t\t<h2 class=\"elementor-heading-title elementor-size-default\">Roszczenie prawne\n<\/h2>\t\t\t\t<\/div>\n\t\t\t\t<\/div>\n\t\t\t\t<div class=\"elementor-element elementor-element-7f58ccd elementor-widget elementor-widget-text-editor\" data-id=\"7f58ccd\" data-element_type=\"widget\" data-e-type=\"widget\" data-widget_type=\"text-editor.default\">\n\t\t\t\t<div class=\"elementor-widget-container\">\n\t\t\t\t\t\t\t\t\t<p>Masz sp\u00f3r z firm\u0105 ubezpieczeniow\u0105 lub bankiem? W przypadku nieprawid\u0142owo obliczonej szkody, niew\u0142a\u015bciwej komunikacji, op\u00f3\u017aniania proces\u00f3w lub innych problem\u00f3w \u2013 skontaktuj si\u0119 z nami:<\/p>\t\t\t\t\t\t\t\t<\/div>\n\t\t\t\t<\/div>\n\t\t\t\t<div class=\"elementor-element elementor-element-46a5052 elementor-button-align-stretch elementor-widget elementor-widget-form\" data-id=\"46a5052\" data-element_type=\"widget\" data-e-type=\"widget\" data-settings=\"{&quot;step_next_label&quot;:&quot;Nast\\u0119pny&quot;,&quot;step_previous_label&quot;:&quot;Poprzedni&quot;,&quot;button_width&quot;:&quot;100&quot;,&quot;step_type&quot;:&quot;number_text&quot;,&quot;step_icon_shape&quot;:&quot;circle&quot;}\" data-widget_type=\"form.default\">\n\t\t\t\t<div class=\"elementor-widget-container\">\n\t\t\t\t\t\t\t<form class=\"elementor-form\" method=\"post\" id=\"formabuhalterija\" name=\"Cena us\u0142ug: Ksi\u0119gowo\u015b\u0107\">\n\t\t\t<input type=\"hidden\" name=\"post_id\" value=\"5536\"\/>\n\t\t\t<input type=\"hidden\" name=\"form_id\" value=\"46a5052\"\/>\n\t\t\t<input type=\"hidden\" name=\"referer_title\" value=\"Formularz zam\u00f3wienia roszczenia prawnego - finaura.lt\" \/>\n\n\t\t\t\t\t\t\t<input type=\"hidden\" name=\"queried_id\" value=\"5536\"\/>\n\t\t\t\n\t\t\t<div class=\"elementor-form-fields-wrapper elementor-labels-above\">\n\t\t\t\t\t\t\t\t<div class=\"elementor-field-type-text elementor-field-group elementor-column elementor-field-group-name elementor-col-50 elementor-field-required\">\n\t\t\t\t\t\t\t\t\t\t\t\t<label for=\"form-field-name\" class=\"elementor-field-label\">\n\t\t\t\t\t\t\t\tImi\u0119\t\t\t\t\t\t\t<\/label>\n\t\t\t\t\t\t\t\t\t\t\t\t\t\t<input size=\"1\" type=\"text\" name=\"form_fields[name]\" id=\"form-field-name\" class=\"elementor-field elementor-size-sm  elementor-field-textual\" placeholder=\"Imi\u0119\" required=\"required\">\n\t\t\t\t\t\t\t\t\t\t\t<\/div>\n\t\t\t\t\t\t\t\t<div class=\"elementor-field-type-email elementor-field-group elementor-column elementor-field-group-email elementor-col-50 elementor-field-required\">\n\t\t\t\t\t\t\t\t\t\t\t\t<label for=\"form-field-email\" class=\"elementor-field-label\">\n\t\t\t\t\t\t\t\tE- Mail\t\t\t\t\t\t\t<\/label>\n\t\t\t\t\t\t\t\t\t\t\t\t\t\t<input size=\"1\" type=\"email\" name=\"form_fields[email]\" id=\"form-field-email\" class=\"elementor-field elementor-size-sm  elementor-field-textual\" placeholder=\"E- Mail\" required=\"required\">\n\t\t\t\t\t\t\t\t\t\t\t<\/div>\n\t\t\t\t\t\t\t\t<div class=\"elementor-field-type-tel elementor-field-group elementor-column elementor-field-group-field_afc0204 elementor-col-50 elementor-field-required\">\n\t\t\t\t\t\t\t\t\t\t\t\t<label for=\"form-field-field_afc0204\" class=\"elementor-field-label\">\n\t\t\t\t\t\t\t\tTelefon\t\t\t\t\t\t\t<\/label>\n\t\t\t\t\t\t\t\t<input size=\"1\" type=\"tel\" name=\"form_fields[field_afc0204]\" id=\"form-field-field_afc0204\" class=\"elementor-field elementor-size-sm  elementor-field-textual\" placeholder=\"Telefon\" required=\"required\" pattern=\"[0-9()#&amp;+*-=.]+\" title=\"Only numbers and phone characters (#, -, *, etc) are accepted.\">\n\n\t\t\t\t\t\t<\/div>\n\t\t\t\t\t\t\t\t<div class=\"elementor-field-type-radio elementor-field-group elementor-column elementor-field-group-field_fe72a58 elementor-col-100 elementor-field-required\">\n\t\t\t\t\t\t\t\t\t\t\t\t<label for=\"form-field-field_fe72a58\" class=\"elementor-field-label\">\n\t\t\t\t\t\t\t\tTemat\t\t\t\t\t\t\t<\/label>\n\t\t\t\t\t\t<div class=\"elementor-field-subgroup  \"><span class=\"elementor-field-option\"><input type=\"radio\" value=\"W sprawie pieni\u0119dzy, zwrotu d\u0142ugu\" id=\"form-field-field_fe72a58-0\" name=\"form_fields[field_fe72a58]\" required=\"required\"> <label for=\"form-field-field_fe72a58-0\">W sprawie pieni\u0119dzy, zwrotu d\u0142ugu<\/label><\/span><span class=\"elementor-field-option\"><input type=\"radio\" value=\"W sprawie dzia\u0142a\u0144 odpowiednich firm, instytucji, organizacji\" id=\"form-field-field_fe72a58-1\" name=\"form_fields[field_fe72a58]\" required=\"required\"> <label for=\"form-field-field_fe72a58-1\">W sprawie dzia\u0142a\u0144 odpowiednich firm, instytucji, organizacji<\/label><\/span><span class=\"elementor-field-option\"><input type=\"radio\" value=\"W sprawie niewykonania umowy, niewype\u0142nienia zobowi\u0105za\u0144\" id=\"form-field-field_fe72a58-2\" name=\"form_fields[field_fe72a58]\" required=\"required\"> <label for=\"form-field-field_fe72a58-2\">W sprawie niewykonania umowy, niewype\u0142nienia zobowi\u0105za\u0144<\/label><\/span><span class=\"elementor-field-option\"><input type=\"radio\" value=\"W sprawie niew\u0142a\u015bciwej jako\u015bci us\u0142ugi lub rzeczy\" id=\"form-field-field_fe72a58-3\" name=\"form_fields[field_fe72a58]\" required=\"required\"> <label for=\"form-field-field_fe72a58-3\">W sprawie niew\u0142a\u015bciwej jako\u015bci us\u0142ugi lub rzeczy<\/label><\/span><span class=\"elementor-field-option\"><input type=\"radio\" value=\"W sprawie bezczelnego i\/lub nieuczciwego zachowania\" id=\"form-field-field_fe72a58-4\" name=\"form_fields[field_fe72a58]\" required=\"required\"> <label for=\"form-field-field_fe72a58-4\">W sprawie bezczelnego i\/lub nieuczciwego zachowania<\/label><\/span><span class=\"elementor-field-option\"><input type=\"radio\" value=\"Inne\" id=\"form-field-field_fe72a58-5\" name=\"form_fields[field_fe72a58]\" required=\"required\"> <label for=\"form-field-field_fe72a58-5\">Inne<\/label><\/span><\/div>\t\t\t\t<\/div>\n\t\t\t\t\t\t\t\t<div class=\"elementor-field-type-textarea elementor-field-group elementor-column elementor-field-group-field_57eb29b elementor-col-100 elementor-field-required\">\n\t\t\t\t\t\t\t\t\t\t\t\t<label for=\"form-field-field_57eb29b\" class=\"elementor-field-label\">\n\t\t\t\t\t\t\t\tOpis okoliczno\u015bci i pytania\t\t\t\t\t\t\t<\/label>\n\t\t\t\t\t\t<textarea class=\"elementor-field-textual elementor-field  elementor-size-sm\" name=\"form_fields[field_57eb29b]\" id=\"form-field-field_57eb29b\" rows=\"4\" placeholder=\"Opis okoliczno\u015bci i pytania\" required=\"required\"><\/textarea>\t\t\t\t<\/div>\n\t\t\t\t\t\t\t\t<div class=\"elementor-field-type-upload elementor-field-group elementor-column elementor-field-group-field_f9fe0e2 elementor-col-100 elementor-field-required\">\n\t\t\t\t\t\t\t\t\t\t\t\t<label for=\"form-field-field_f9fe0e2\" class=\"elementor-field-label\">\n\t\t\t\t\t\t\t\tDo\u0142\u0105cz za\u0142\u0105cznik:\t\t\t\t\t\t\t<\/label>\n\t\t\t\t\t\t\t\t<input type=\"file\" name=\"form_fields[field_f9fe0e2]\" id=\"form-field-field_f9fe0e2\" class=\"elementor-field elementor-size-sm  elementor-upload-field\" required=\"required\" data-maxsize=\"2\" data-maxsize-message=\"This file exceeds the maximum allowed size.\">\n\n\t\t\t\t\t\t<\/div>\n\t\t\t\t\t\t\t\t<div class=\"elementor-field-group elementor-column elementor-field-type-submit elementor-col-100 e-form__buttons\">\n\t\t\t\t\t<button class=\"elementor-button elementor-size-sm\" type=\"submit\">\n\t\t\t\t\t\t<span class=\"elementor-button-content-wrapper\">\n\t\t\t\t\t\t\t\t\t\t\t\t\t\t\t\t\t\t\t\t\t\t<span class=\"elementor-button-text\">Wy\u015blij<\/span>\n\t\t\t\t\t\t\t\t\t\t\t\t\t<\/span>\n\t\t\t\t\t<\/button>\n\t\t\t\t<\/div>\n\t\t\t<\/div>\n\t\t<\/form>\n\t\t\t\t\t\t<\/div>\n\t\t\t\t<\/div>\n\t\t\t\t\t<\/div>\n\t\t\t\t<\/div>\n\t\t\t\t<\/div>\n\t\t","protected":false},"excerpt":{"rendered":"<p>Roszczenie prawne Masz sp\u00f3r z firm\u0105 ubezpieczeniow\u0105 lub bankiem? W przypadku nieprawid\u0142owo obliczonej szkody, niew\u0142a\u015bciwej komunikacji, op\u00f3\u017aniania proces\u00f3w lub innych problem\u00f3w \u2013 skontaktuj si\u0119 z nami:<\/p>\n","protected":false},"author":1,"featured_media":5351,"parent":0,"menu_order":0,"comment_status":"closed","ping_status":"closed","template":"","meta":{"_acf_changed":false,"footnotes":""},"class_list":["post-5536","page","type-page","status-publish","has-post-thumbnail","hentry"],"acf":[],"_links":{"self":[{"href":"https:\/\/www.finaura.lt\/pl\/wp-json\/wp\/v2\/pages\/5536","targetHints":{"allow":["GET"]}}],"collection":[{"href":"https:\/\/www.finaura.lt\/pl\/wp-json\/wp\/v2\/pages"}],"about":[{"href":"https:\/\/www.finaura.lt\/pl\/wp-json\/wp\/v2\/types\/page"}],"author":[{"embeddable":true,"href":"https:\/\/www.finaura.lt\/pl\/wp-json\/wp\/v2\/users\/1"}],"replies":[{"embeddable":true,"href":"https:\/\/www.finaura.lt\/pl\/wp-json\/wp\/v2\/comments?post=5536"}],"version-history":[{"count":3,"href":"https:\/\/www.finaura.lt\/pl\/wp-json\/wp\/v2\/pages\/5536\/revisions"}],"predecessor-version":[{"id":5539,"href":"https:\/\/www.finaura.lt\/pl\/wp-json\/wp\/v2\/pages\/5536\/revisions\/5539"}],"wp:featuredmedia":[{"embeddable":true,"href":"https:\/\/www.finaura.lt\/pl\/wp-json\/wp\/v2\/media\/5351"}],"wp:attachment":[{"href":"https:\/\/www.finaura.lt\/pl\/wp-json\/wp\/v2\/media?parent=5536"}],"curies":[{"name":"wp","href":"https:\/\/api.w.org\/{rel}","templated":true}]}}