{"id":5540,"date":"2020-09-08T03:23:00","date_gmt":"2020-09-08T03:23:00","guid":{"rendered":"https:\/\/www.finaura.lt\/pomoc-prawna\/"},"modified":"2025-05-16T13:43:58","modified_gmt":"2025-05-16T13:43:58","slug":"pomoc-prawna","status":"publish","type":"page","link":"https:\/\/www.finaura.lt\/pl\/pomoc-prawna\/","title":{"rendered":"Pomoc prawna"},"content":{"rendered":"\t\t<div data-elementor-type=\"wp-page\" data-elementor-id=\"5540\" class=\"elementor elementor-5540 elementor-881\" data-elementor-post-type=\"page\">\n\t\t\t\t<div class=\"elementor-element elementor-element-e478312 e-flex e-con-boxed e-con e-parent\" data-id=\"e478312\" data-element_type=\"container\" data-e-type=\"container\">\n\t\t\t\t\t<div class=\"e-con-inner\">\n\t\t\t\t<div class=\"elementor-element elementor-element-55bc5b9 elementor-widget elementor-widget-heading\" data-id=\"55bc5b9\" data-element_type=\"widget\" data-e-type=\"widget\" data-widget_type=\"heading.default\">\n\t\t\t\t<div class=\"elementor-widget-container\">\n\t\t\t\t\t<h2 class=\"elementor-heading-title elementor-size-default\">Pomoc adwokata<\/h2>\t\t\t\t<\/div>\n\t\t\t\t<\/div>\n\t\t\t\t<div class=\"elementor-element elementor-element-979c324 elementor-widget elementor-widget-text-editor\" data-id=\"979c324\" data-element_type=\"widget\" data-e-type=\"widget\" data-widget_type=\"text-editor.default\">\n\t\t\t\t<div class=\"elementor-widget-container\">\n\t\t\t\t\t\t\t\t\tPracujemy i rozwi\u0105zujemy nawet najtrudniejsze problemy, troski zwi\u0105zane z Twoim biznesem lub codziennym \u017cyciem. Skontaktuj si\u0119 z nami, a znajdziemy rozwi\u0105zanie. \nWa\u017cne. Zawsze jasne. Zazwyczaj od razu podajemy termin realizacji us\u0142ugi oraz jej cen\u0119.  \t\t\t\t\t\t\t\t<\/div>\n\t\t\t\t<\/div>\n\t\t\t\t<div class=\"elementor-element elementor-element-7d2cfb7 elementor-button-align-stretch elementor-widget elementor-widget-form\" data-id=\"7d2cfb7\" data-element_type=\"widget\" data-e-type=\"widget\" data-settings=\"{&quot;step_next_label&quot;:&quot;Nast\\u0119pny&quot;,&quot;step_previous_label&quot;:&quot;Poprzedni&quot;,&quot;button_width&quot;:&quot;100&quot;,&quot;step_type&quot;:&quot;number_text&quot;,&quot;step_icon_shape&quot;:&quot;circle&quot;}\" data-widget_type=\"form.default\">\n\t\t\t\t<div class=\"elementor-widget-container\">\n\t\t\t\t\t\t\t<form class=\"elementor-form\" method=\"post\" id=\"formabuhalterija\" name=\"Cena us\u0142ug: Ksi\u0119gowo\u015b\u0107\">\n\t\t\t<input type=\"hidden\" name=\"post_id\" value=\"5540\"\/>\n\t\t\t<input type=\"hidden\" name=\"form_id\" value=\"7d2cfb7\"\/>\n\t\t\t<input type=\"hidden\" name=\"referer_title\" value=\"Pomoc prawna - finaura.lt\" \/>\n\n\t\t\t\t\t\t\t<input type=\"hidden\" name=\"queried_id\" value=\"5540\"\/>\n\t\t\t\n\t\t\t<div class=\"elementor-form-fields-wrapper elementor-labels-above\">\n\t\t\t\t\t\t\t\t<div class=\"elementor-field-type-text elementor-field-group elementor-column elementor-field-group-name elementor-col-50 elementor-field-required\">\n\t\t\t\t\t\t\t\t\t\t\t\t<label for=\"form-field-name\" class=\"elementor-field-label\">\n\t\t\t\t\t\t\t\tImi\u0119\t\t\t\t\t\t\t<\/label>\n\t\t\t\t\t\t\t\t\t\t\t\t\t\t<input size=\"1\" type=\"text\" name=\"form_fields[name]\" id=\"form-field-name\" class=\"elementor-field elementor-size-sm  elementor-field-textual\" placeholder=\"Imi\u0119\" required=\"required\">\n\t\t\t\t\t\t\t\t\t\t\t<\/div>\n\t\t\t\t\t\t\t\t<div class=\"elementor-field-type-email elementor-field-group elementor-column elementor-field-group-email elementor-col-50 elementor-field-required\">\n\t\t\t\t\t\t\t\t\t\t\t\t<label for=\"form-field-email\" class=\"elementor-field-label\">\n\t\t\t\t\t\t\t\tAdres e-mail \t\t\t\t\t\t\t<\/label>\n\t\t\t\t\t\t\t\t\t\t\t\t\t\t<input size=\"1\" type=\"email\" name=\"form_fields[email]\" id=\"form-field-email\" class=\"elementor-field elementor-size-sm  elementor-field-textual\" placeholder=\"Adres e-mail \" required=\"required\">\n\t\t\t\t\t\t\t\t\t\t\t<\/div>\n\t\t\t\t\t\t\t\t<div class=\"elementor-field-type-textarea elementor-field-group elementor-column elementor-field-group-field_57eb29b elementor-col-100 elementor-field-required\">\n\t\t\t\t\t\t\t\t\t\t\t\t<label for=\"form-field-field_57eb29b\" class=\"elementor-field-label\">\n\t\t\t\t\t\t\t\tOpis okoliczno\u015bci i pytania\t\t\t\t\t\t\t<\/label>\n\t\t\t\t\t\t<textarea class=\"elementor-field-textual elementor-field  elementor-size-sm\" name=\"form_fields[field_57eb29b]\" id=\"form-field-field_57eb29b\" rows=\"4\" placeholder=\"Opis okoliczno\u015bci i pytania\" required=\"required\"><\/textarea>\t\t\t\t<\/div>\n\t\t\t\t\t\t\t\t<div class=\"elementor-field-type-upload elementor-field-group elementor-column elementor-field-group-field_f9fe0e2 elementor-col-100 elementor-field-required\">\n\t\t\t\t\t\t\t\t\t\t\t\t<label for=\"form-field-field_f9fe0e2\" class=\"elementor-field-label\">\n\t\t\t\t\t\t\t\tDo\u0142\u0105cz za\u0142\u0105cznik:\t\t\t\t\t\t\t<\/label>\n\t\t\t\t\t\t\t\t<input type=\"file\" name=\"form_fields[field_f9fe0e2]\" id=\"form-field-field_f9fe0e2\" class=\"elementor-field elementor-size-sm  elementor-upload-field\" required=\"required\" data-maxsize=\"2\" data-maxsize-message=\"This file exceeds the maximum allowed size.\">\n\n\t\t\t\t\t\t<\/div>\n\t\t\t\t\t\t\t\t<div class=\"elementor-field-group elementor-column elementor-field-type-submit elementor-col-100 e-form__buttons\">\n\t\t\t\t\t<button class=\"elementor-button elementor-size-sm\" type=\"submit\">\n\t\t\t\t\t\t<span class=\"elementor-button-content-wrapper\">\n\t\t\t\t\t\t\t\t\t\t\t\t\t\t\t\t\t\t\t\t\t\t<span class=\"elementor-button-text\">Wy\u015blij<\/span>\n\t\t\t\t\t\t\t\t\t\t\t\t\t<\/span>\n\t\t\t\t\t<\/button>\n\t\t\t\t<\/div>\n\t\t\t<\/div>\n\t\t<\/form>\n\t\t\t\t\t\t<\/div>\n\t\t\t\t<\/div>\n\t\t\t\t\t<\/div>\n\t\t\t\t<\/div>\n\t\t\t\t<\/div>\n\t\t","protected":false},"excerpt":{"rendered":"<p>Pomoc adwokata Pracujemy i rozwi\u0105zujemy nawet najtrudniejsze problemy, troski zwi\u0105zane z Twoim biznesem lub codziennym \u017cyciem. Skontaktuj si\u0119 z nami, a znajdziemy rozwi\u0105zanie. Wa\u017cne. Zawsze jasne. Zazwyczaj od razu podajemy termin realizacji us\u0142ugi oraz jej cen\u0119.<\/p>\n","protected":false},"author":1,"featured_media":5631,"parent":0,"menu_order":0,"comment_status":"closed","ping_status":"closed","template":"","meta":{"_acf_changed":false,"footnotes":""},"class_list":["post-5540","page","type-page","status-publish","has-post-thumbnail","hentry"],"acf":[],"_links":{"self":[{"href":"https:\/\/www.finaura.lt\/pl\/wp-json\/wp\/v2\/pages\/5540","targetHints":{"allow":["GET"]}}],"collection":[{"href":"https:\/\/www.finaura.lt\/pl\/wp-json\/wp\/v2\/pages"}],"about":[{"href":"https:\/\/www.finaura.lt\/pl\/wp-json\/wp\/v2\/types\/page"}],"author":[{"embeddable":true,"href":"https:\/\/www.finaura.lt\/pl\/wp-json\/wp\/v2\/users\/1"}],"replies":[{"embeddable":true,"href":"https:\/\/www.finaura.lt\/pl\/wp-json\/wp\/v2\/comments?post=5540"}],"version-history":[{"count":1,"href":"https:\/\/www.finaura.lt\/pl\/wp-json\/wp\/v2\/pages\/5540\/revisions"}],"predecessor-version":[{"id":5541,"href":"https:\/\/www.finaura.lt\/pl\/wp-json\/wp\/v2\/pages\/5540\/revisions\/5541"}],"wp:featuredmedia":[{"embeddable":true,"href":"https:\/\/www.finaura.lt\/pl\/wp-json\/wp\/v2\/media\/5631"}],"wp:attachment":[{"href":"https:\/\/www.finaura.lt\/pl\/wp-json\/wp\/v2\/media?parent=5540"}],"curies":[{"name":"wp","href":"https:\/\/api.w.org\/{rel}","templated":true}]}}