{"id":5542,"date":"2013-06-30T08:58:37","date_gmt":"2013-06-30T08:58:37","guid":{"rendered":"https:\/\/www.finaura.lt\/prawo\/"},"modified":"2025-05-16T13:52:07","modified_gmt":"2025-05-16T13:52:07","slug":"prawo","status":"publish","type":"page","link":"https:\/\/www.finaura.lt\/pl\/prawo\/","title":{"rendered":"Prawo"},"content":{"rendered":"\t\t<div data-elementor-type=\"wp-page\" data-elementor-id=\"5542\" class=\"elementor elementor-5542 elementor-85\" data-elementor-post-type=\"page\">\n\t\t\t\t<div class=\"elementor-element elementor-element-90ddea2 e-flex e-con-boxed e-con e-parent\" data-id=\"90ddea2\" data-element_type=\"container\" data-e-type=\"container\">\n\t\t\t\t\t<div class=\"e-con-inner\">\n\t\t\t\t<div class=\"elementor-element elementor-element-19a7d43 elementor-widget elementor-widget-heading\" data-id=\"19a7d43\" data-element_type=\"widget\" data-e-type=\"widget\" data-widget_type=\"heading.default\">\n\t\t\t\t<div class=\"elementor-widget-container\">\n\t\t\t\t\t<h2 class=\"elementor-heading-title elementor-size-default\">US\u0141UGI PRAWNE<\/h2>\t\t\t\t<\/div>\n\t\t\t\t<\/div>\n\t\t<div class=\"elementor-element elementor-element-3ed8fdd e-con-full e-flex e-con e-child\" data-id=\"3ed8fdd\" data-element_type=\"container\" data-e-type=\"container\">\n\t\t\t\t<div class=\"elementor-element elementor-element-f1004af elementor-widget__width-initial elementor-widget elementor-widget-text-editor\" data-id=\"f1004af\" data-element_type=\"widget\" data-e-type=\"widget\" data-widget_type=\"text-editor.default\">\n\t\t\t\t<div class=\"elementor-widget-container\">\n\t\t\t\t\t\t\t\t\t<p>Ten artyku\u0142 jest przeznaczony dla klient\u00f3w firmy \u201eFinaura\u201c, aby zapozna\u0107 ich z us\u0142ugami prawnymi \u015bwiadczonymi przez przedsi\u0119biorstwo oraz ze specyfik\u0105 i filozofi\u0105 ich \u015bwiadczenia.<br>Artyku\u0142 nie ma na celu om\u00f3wienia i szczeg\u00f3\u0142owego przedstawienia wszystkich us\u0142ug prawnych \u015bwiadczonych przez firm\u0119, lecz ma na celu szczeg\u00f3\u0142owe poinformowanie o mo\u017cliwo\u015bciach naszej firmy \u2013 tak zwanych us\u0142ug prawnych \u201ena ko\u0142ach\u201c, dost\u0119pnych dla klienta w dogodnym czasie i miejscu jego pobytu. Ka\u017cdy klient firmy, w razie potrzeby lub sytuacji konfliktowej, mo\u017ce wezwa\u0107 prawnika. Prawnik lub adwokat firmy mo\u017ce pom\u00f3c wtedy, gdy pomoc prawna jest najbardziej potrzebna. W sprawach mobilnej pomocy prawnej mo\u017cna si\u0119 kontaktowa\u0107 pod numerem telefonu:<br>tel. (+370)644 44881<br>Mamy r\u00f3wnie\u017c praktyczne propozycje dla firm \u2013 mo\u017cemy zaoferowa\u0107 tak zwanego \u201eadwokata firmy\u201c, pakiet wielous\u0142ugowy ksi\u0119gowo-prawny. Oznacza to, \u017ce nie b\u0119dziecie musieli zatrudnia\u0107 prawnika (i\/lub ksi\u0119gowego) na etat w firmie, a otrzymacie us\u0142ugi prawne najwy\u017cszej jako\u015bci na podstawie umowy o \u015bwiadczenie us\u0142ug prawnych. Jest to bardzo korzystne dla firm oszcz\u0119dzaj\u0105cych pieni\u0105dze i czas, poniewa\u017c unika si\u0119 dodatkowych koszt\u00f3w zwi\u0105zanych z wynagrodzeniami, ZUS, Urz\u0119dem Skarbowym itp., a za faktycznie wykonane us\u0142ugi p\u0142aci si\u0119 na podstawie wystawionej faktury VAT.<br>Firma \u201eFinaura\u201c, \u015bwiadcz\u0105c us\u0142ugi prawne, kieruje si\u0119 zar\u00f3wno do os\u00f3b prawnych, jak i fizycznych. W pracy zdarzaj\u0105 si\u0119 b\u0142\u0119dy, ale chcemy si\u0119 pochwali\u0107, \u017ce \u015bwiadczymy bardzo wysokiej jako\u015bci us\u0142ugi sporz\u0105dzania dokument\u00f3w procesowych. Przy przygotowywaniu dokument\u00f3w procesowych do s\u0105du zawsze staramy si\u0119 u\u015bwiadomi\u0107 naszym klientom, \u017ce je\u015bli zale\u017cy im na ostatecznym wyniku, wa\u017cne jest, aby wiedzie\u0107, \u017ce to w\u0142a\u015bnie dokumenty procesowe, takie jak pozwy cywilne, odpowiedzi na pozwy, r\u00f3\u017cne za\u017calenia i inne dokumenty dla s\u0105du, stanowi\u0105 podstaw\u0119 pomy\u015blnego przebiegu i zako\u0144czenia sprawy. Dlatego bardzo wa\u017cne jest zrozumienie, \u017ce nie wystarczy, aby s\u0105d przyj\u0105\u0142 pozew lub inny dokument procesowy do rozpatrzenia. Konieczne jest, aby taki dokument procesowy rzeczywi\u015bcie by\u0142 ukierunkowany na ochron\u0119 Pa\u0144stwa interes\u00f3w i zapewnienie uzasadnionych oczekiwa\u0144, a nie tylko spe\u0142nia\u0142 wymogi formalne. Nale\u017cy zrozumie\u0107, \u017ce formalne braki zawsze mo\u017cna \u0142atwo usun\u0105\u0107, dlatego, oceniaj\u0105c odpowiedzialnie wymagania formalne, r\u00f3wnie\u017c podkre\u015blamy pe\u0142ni\u0119 i jasno\u015b\u0107 prawn\u0105 tre\u015bci dokumentu procesowego.         <\/p>\t\t\t\t\t\t\t\t<\/div>\n\t\t\t\t<\/div>\n\t\t\t\t<div class=\"elementor-element elementor-element-9d21ce2 elementor-widget__width-initial elementor-widget elementor-widget-image\" data-id=\"9d21ce2\" data-element_type=\"widget\" data-e-type=\"widget\" data-widget_type=\"image.default\">\n\t\t\t\t<div class=\"elementor-widget-container\">\n\t\t\t\t\t\t\t\t\t\t\t\t\t\t\t<img fetchpriority=\"high\" decoding=\"async\" width=\"1731\" height=\"1154\" src=\"https:\/\/www.finaura.lt\/wp-content\/uploads\/2020\/08\/1672-1.jpg\" class=\"attachment-full size-full wp-image-598\" alt=\"\" srcset=\"https:\/\/www.finaura.lt\/wp-content\/uploads\/2020\/08\/1672-1.jpg 1731w, https:\/\/www.finaura.lt\/wp-content\/uploads\/2020\/08\/1672-1-300x200.jpg 300w, https:\/\/www.finaura.lt\/wp-content\/uploads\/2020\/08\/1672-1-768x512.jpg 768w, https:\/\/www.finaura.lt\/wp-content\/uploads\/2020\/08\/1672-1-1024x683.jpg 1024w, https:\/\/www.finaura.lt\/wp-content\/uploads\/2020\/08\/1672-1-480x320.jpg 480w\" sizes=\"(max-width: 1731px) 100vw, 1731px\" \/>\t\t\t\t\t\t\t\t\t\t\t\t\t\t\t<\/div>\n\t\t\t\t<\/div>\n\t\t\t\t<\/div>\n\t\t\t\t<div class=\"elementor-element elementor-element-e2b6088 elementor-widget elementor-widget-text-editor\" data-id=\"e2b6088\" data-element_type=\"widget\" data-e-type=\"widget\" data-widget_type=\"text-editor.default\">\n\t\t\t\t<div class=\"elementor-widget-container\">\n\t\t\t\t\t\t\t\t\t<p style=\"text-align: justify;\">Okoliczno\u015bci przekazane przez klienta formu\u0142ujemy konkretnie, prawnie uzasadnione i w spos\u00f3b poprawny. Du\u017c\u0105 uwag\u0119 przyk\u0142adamy do jasnego okre\u015blenia wymaga\u0144, kt\u00f3re odpowiadaj\u0105 oczekiwaniom i \u017cyczeniom klient\u00f3w. Ponadto, dog\u0142\u0119bnie analizuj\u0105c problem klienta, przedstawiamy nie tylko nasze wnioski i opinie, ale na \u017cyczenie klienta mo\u017cemy tak\u017ce wyrazi\u0107 prognozy prawne dotycz\u0105ce przebiegu i wyniku sprawy. \u015awiadcz\u0105c us\u0142ugi prawne, nie boimy si\u0119 rozwi\u0105zywa\u0107 nawet najtrudniejszych problem\u00f3w \u2013 zapoznani z wszelkimi niezb\u0119dnymi informacjami, niezw\u0142ocznie przekazujemy klientowi nasz\u0105 opini\u0119 na temat istniej\u0105cego problemu lub perspektyw sporu prawnego. Nie unikamy rozwi\u0105zywania tych kwestii prawnych, kt\u00f3rych inni po prostu si\u0119 odmawiaj\u0105 podj\u0105\u0107. Dla nas najwa\u017cniejsze jest poznanie rzeczywistej sytuacji sporu lub prawnej niesprawiedliwo\u015bci, na podstawie kt\u00f3rej zaproponujemy sposoby rozwi\u0105zania.     <\/p><p style=\"text-align: justify;\">Firma, \u015bwiadcz\u0105c us\u0142ugi, koncentruje si\u0119 na uzyskaniu najwy\u017cszej jako\u015bci rezultat\u00f3w pracy. D\u0105\u017c\u0105c do najwy\u017cszych standard\u00f3w us\u0142ug, przyznajemy, \u017ce mamy swoje ograniczenia, lecz nie rezygnujemy ze standardu najwy\u017cszej jako\u015bci, dlatego wsp\u00f3\u0142pracujemy i konsultujemy si\u0119 z profesjonalistami z r\u00f3\u017cnych dziedzin prawa. Mo\u017cemy zaoferowa\u0107 takie specjalistyczne us\u0142ugi, jak rozwi\u0105zywanie spor\u00f3w z bankami i firmami maklerskimi, us\u0142ugi prawne dotycz\u0105ce w\u0142asno\u015bci intelektualnej lub zam\u00f3wie\u0144 publicznych, praw autorskich, praw pokrewnych, znak\u00f3w towarowych, nazw internetowych, spor\u00f3w dotycz\u0105cych nieruchomo\u015bci i inne.<br>Jedn\u0105 z najpopularniejszych i cz\u0119sto potrzebnych us\u0142ug s\u0105 us\u0142ugi prawne zwi\u0105zane z rozwodami, podzia\u0142em maj\u0105tku, ustaleniem miejsca zamieszkania dzieci, organizacj\u0105 rozwod\u00f3w, gdy jedno z ma\u0142\u017conk\u00f3w mieszka za granic\u0105. Kolejny wa\u017cny blok us\u0142ug prawnych koncentruje si\u0119 na windykacji d\u0142ug\u00f3w. W procesie windykacji d\u0142ug\u00f3w zawsze znajdujemy wsp\u00f3lny j\u0119zyk z klientami. Nie boimy si\u0119 wi\u0105za\u0107 wynagrodzenia z rezultatami wykonanej pracy.<br>Warto zaznaczy\u0107, \u017ce dzia\u0142alno\u015b\u0107 firmy \u201eFinaura\u201d nie jest skierowana wy\u0142\u0105cznie do zamo\u017cnych klient\u00f3w. Nasza firma jest spo\u0142ecznie odpowiedzialn\u0105 organizacj\u0105 i jeste\u015bmy z tego dumni. Oczywi\u015bcie, celem jest osi\u0105ganie zysk\u00f3w, ale r\u00f3wnie odpowiedzialnie bronimy praw pracownik\u00f3w, rozwi\u0105zujemy problemy os\u00f3b w wieku emerytalnym oraz niepe\u0142nosprawnych i zawsze staramy si\u0119 znale\u017a\u0107 optymalne i efektywne rozwi\u0105zanie w danej sytuacji.<br>Ka\u017cdy klient jest dla nas wa\u017cny. Wszystkie problemy s\u0105 dla nas istotne. Mo\u017cecie zawsze do nas pisa\u0107, wype\u0142niaj\u0105c zapytanie na naszej stronie www.finaura.lt lub kontaktuj\u0105c si\u0119 telefonicznie \u2013 s\u0142u\u017cymy pomoc\u0105.<br>Wierzymy, \u017ce mo\u017cemy Pa\u0144stwu pom\u00f3c.         <\/p>\t\t\t\t\t\t\t\t<\/div>\n\t\t\t\t<\/div>\n\t\t\t\t\t<\/div>\n\t\t\t\t<\/div>\n\t\t\t\t<\/div>\n\t\t","protected":false},"excerpt":{"rendered":"<p>US\u0141UGI PRAWNE Ten artyku\u0142 jest przeznaczony dla klient\u00f3w firmy \u201eFinaura\u201c, aby zapozna\u0107 ich z us\u0142ugami prawnymi \u015bwiadczonymi przez przedsi\u0119biorstwo oraz ze specyfik\u0105 i filozofi\u0105 ich \u015bwiadczenia.Artyku\u0142 nie ma na celu om\u00f3wienia i szczeg\u00f3\u0142owego przedstawienia wszystkich us\u0142ug prawnych \u015bwiadczonych przez firm\u0119, lecz ma na celu szczeg\u00f3\u0142owe poinformowanie o mo\u017cliwo\u015bciach naszej firmy \u2013 tak zwanych us\u0142ug prawnych [&hellip;]<\/p>\n","protected":false},"author":1,"featured_media":5297,"parent":0,"menu_order":0,"comment_status":"closed","ping_status":"closed","template":"","meta":{"_acf_changed":false,"footnotes":""},"class_list":["post-5542","page","type-page","status-publish","has-post-thumbnail","hentry"],"acf":[],"_links":{"self":[{"href":"https:\/\/www.finaura.lt\/pl\/wp-json\/wp\/v2\/pages\/5542","targetHints":{"allow":["GET"]}}],"collection":[{"href":"https:\/\/www.finaura.lt\/pl\/wp-json\/wp\/v2\/pages"}],"about":[{"href":"https:\/\/www.finaura.lt\/pl\/wp-json\/wp\/v2\/types\/page"}],"author":[{"embeddable":true,"href":"https:\/\/www.finaura.lt\/pl\/wp-json\/wp\/v2\/users\/1"}],"replies":[{"embeddable":true,"href":"https:\/\/www.finaura.lt\/pl\/wp-json\/wp\/v2\/comments?post=5542"}],"version-history":[{"count":1,"href":"https:\/\/www.finaura.lt\/pl\/wp-json\/wp\/v2\/pages\/5542\/revisions"}],"predecessor-version":[{"id":5543,"href":"https:\/\/www.finaura.lt\/pl\/wp-json\/wp\/v2\/pages\/5542\/revisions\/5543"}],"wp:featuredmedia":[{"embeddable":true,"href":"https:\/\/www.finaura.lt\/pl\/wp-json\/wp\/v2\/media\/5297"}],"wp:attachment":[{"href":"https:\/\/www.finaura.lt\/pl\/wp-json\/wp\/v2\/media?parent=5542"}],"curies":[{"name":"wp","href":"https:\/\/api.w.org\/{rel}","templated":true}]}}