{"id":5544,"date":"2020-08-26T16:33:01","date_gmt":"2020-08-26T16:33:01","guid":{"rendered":"https:\/\/www.finaura.lt\/strona-glowna\/"},"modified":"2025-05-16T14:11:48","modified_gmt":"2025-05-16T14:11:48","slug":"strona-glowna","status":"publish","type":"page","link":"https:\/\/www.finaura.lt\/pl\/","title":{"rendered":"Strona g\u0142\u00f3wna"},"content":{"rendered":"\t\t<div data-elementor-type=\"wp-page\" data-elementor-id=\"5544\" class=\"elementor elementor-5544 elementor-704\" data-elementor-post-type=\"page\">\n\t\t\t\t<div class=\"elementor-element elementor-element-0972d26 e-flex e-con-boxed e-con e-parent\" data-id=\"0972d26\" data-element_type=\"container\" data-e-type=\"container\">\n\t\t\t\t\t<div class=\"e-con-inner\">\n\t\t\t\t<div class=\"elementor-element elementor-element-d39254e elementor-widget elementor-widget-heading\" data-id=\"d39254e\" data-element_type=\"widget\" data-e-type=\"widget\" data-widget_type=\"heading.default\">\n\t\t\t\t<div class=\"elementor-widget-container\">\n\t\t\t\t\t<h2 class=\"elementor-heading-title elementor-size-default\">Kim jeste\u015bmy<\/h2>\t\t\t\t<\/div>\n\t\t\t\t<\/div>\n\t\t\t\t<div class=\"elementor-element elementor-element-baba9ca elementor-widget elementor-widget-text-editor\" data-id=\"baba9ca\" data-element_type=\"widget\" data-e-type=\"widget\" data-widget_type=\"text-editor.default\">\n\t\t\t\t<div class=\"elementor-widget-container\">\n\t\t\t\t\t\t\t\t\t<p>Firma \u201eFinaura\u201d, dzia\u0142aj\u0105ca dla Pa\u0144stwa od ponad 10 lat, zrzesza powi\u0105zane sp\u00f3\u0142ki oraz partner\u00f3w biznesowych w celu \u015bwiadczenia konkurencyjnych i wysokiej jako\u015bci us\u0142ug.<br>Powierzone prace i zadania zostan\u0105 wykonane lub nadzorowane przez do\u015bwiadczonych specjalist\u00f3w \u2013 odpowiedzialnych i energicznych profesjonalist\u00f3w o wysokich kwalifikacjach: adwokat\u00f3w i prawnik\u00f3w, ekspert\u00f3w w dziedzinie zam\u00f3wie\u0144 publicznych, ksi\u0119gowych i doradc\u00f3w podatkowych, t\u0142umaczy, pedagog\u00f3w, konsultant\u00f3w posiadaj\u0105cych krajowe i mi\u0119dzynarodowe uznanie, audytor\u00f3w i ekspert\u00f3w oraz innych.<\/p><p>G\u0142\u00f3wnym celem firmy \u201eFinaura\u201d s\u0105 skuteczne rozwi\u0105zania oparte na zrozumieniu potrzeb i oczekiwa\u0144 Klienta oraz ich praktycznej realizacji.<br>Pracujemy dla Pa\u0144stwa, a Pa\u0144stwo tworzycie nas. Zaufajcie \u2013 wszystko b\u0119dzie dobrze.<br>Nie ma sytuacji bez wyj\u015bcia \u2013 my znajdujemy rozwi\u0105zania. <\/p>\t\t\t\t\t\t\t\t<\/div>\n\t\t\t\t<\/div>\n\t\t\t\t\t<\/div>\n\t\t\t\t<\/div>\n\t\t<div class=\"elementor-element elementor-element-c95cc8e e-flex e-con-boxed e-con e-parent\" data-id=\"c95cc8e\" data-element_type=\"container\" data-e-type=\"container\">\n\t\t\t\t\t<div class=\"e-con-inner\">\n\t\t\t\t<div class=\"elementor-element elementor-element-d883620 elementor-widget elementor-widget-heading\" data-id=\"d883620\" data-element_type=\"widget\" data-e-type=\"widget\" data-widget_type=\"heading.default\">\n\t\t\t\t<div class=\"elementor-widget-container\">\n\t\t\t\t\t<h2 class=\"elementor-heading-title elementor-size-default\">Us\u0142ugi<\/h2>\t\t\t\t<\/div>\n\t\t\t\t<\/div>\n\t\t<div class=\"elementor-element elementor-element-1ce9a0a e-grid e-con-full e-con e-child\" data-id=\"1ce9a0a\" data-element_type=\"container\" data-e-type=\"container\">\n\t\t\t\t<div class=\"elementor-element elementor-element-d27025a elementor-position-top elementor-widget elementor-widget-image-box\" data-id=\"d27025a\" data-element_type=\"widget\" data-e-type=\"widget\" data-widget_type=\"image-box.default\">\n\t\t\t\t<div class=\"elementor-widget-container\">\n\t\t\t\t\t<div class=\"elementor-image-box-wrapper\"><figure class=\"elementor-image-box-img\"><img decoding=\"async\" width=\"100\" height=\"102\" src=\"https:\/\/www.finaura.lt\/wp-content\/uploads\/2025\/05\/finaura-teise.webp\" class=\"attachment-full size-full wp-image-5403\" alt=\"\" \/><\/figure><div class=\"elementor-image-box-content\"><h3 class=\"elementor-image-box-title\">Us\u0142ugi prawne dla os\u00f3b prawnych i fizycznych<\/h3><p class=\"elementor-image-box-description\">Sporz\u0105dzanie reklamacji i dokument\u00f3w prawnych do s\u0105du<br>Reprezentowanie Klient\u00f3w, adwokat<br>Przygotowanie dokument\u00f3w za\u0142o\u017cycielskich os\u00f3b prawnych, zak\u0142adanie os\u00f3b prawnych<br>Sprawy cywilne, upad\u0142o\u015bciowe i inne sprawy os\u00f3b prawnych<br>Sprzeda\u017c przedsi\u0119biorstw (p\u0142atnik\u00f3w i niep\u0142atnik\u00f3w VAT)<br>Ochrona praw konsument\u00f3w<br>Pomoc w przypadku nadu\u017cy\u0107 biurokratycznych<br>Sprawy cywilne, administracyjne, rodzinne i inne os\u00f3b fizycznych<br>Konsultacje w sprawach migracyjnych<br>Rozwi\u0105zywanie spor\u00f3w z bankami i firmami ubezpieczeniowymi<br>Ochrona praw akcjonariuszy i inwestor\u00f3w<br>Realna pomoc w przypadku sporu prawnego<\/p><\/div><\/div>\t\t\t\t<\/div>\n\t\t\t\t<\/div>\n\t\t\t\t<div class=\"elementor-element elementor-element-e91c3af elementor-position-top elementor-widget elementor-widget-image-box\" data-id=\"e91c3af\" data-element_type=\"widget\" data-e-type=\"widget\" data-widget_type=\"image-box.default\">\n\t\t\t\t<div class=\"elementor-widget-container\">\n\t\t\t\t\t<div class=\"elementor-image-box-wrapper\"><figure class=\"elementor-image-box-img\"><img decoding=\"async\" width=\"99\" height=\"102\" src=\"https:\/\/www.finaura.lt\/wp-content\/uploads\/2025\/05\/finaura-buh-paslaugos.webp\" class=\"attachment-full size-full wp-image-5407\" alt=\"\" \/><\/figure><div class=\"elementor-image-box-content\"><h3 class=\"elementor-image-box-title\">Us\u0142ugi ksi\u0119gowe<\/h3><p class=\"elementor-image-box-description\">Pe\u0142na ksi\u0119gowo\u015b\u0107 ju\u017c od 60 EUR\/miesi\u0105c<br>Wype\u0142nianie deklaracji<br>Porz\u0105dkowanie zaleg\u0142ej ksi\u0119gowo\u015bci<br>Sporz\u0105dzanie sprawozda\u0144 finansowych<br>Reprezentowanie firm podczas kontroli urz\u0119d\u00f3w skarbowych<br>Wype\u0142nianie sprawozda\u0144 statystycznych firm<br>Analiza finansowa firm i doradztwo podatkowe<br>Porz\u0105dkowanie dokumentacji kadrowej os\u00f3b prawnych<br>Rejestracja firm jako p\u0142atnik\u00f3w VAT<br>Przedstawienie i obja\u015bnienia dotycz\u0105ce litewskiej bazy rachunkowo-podatkowej<br>Wysokiej jako\u015bci oprawa dokument\u00f3w ksi\u0119gowych i innych z zastosowaniem technologii Unibind Steel Bind \n\n<\/p><\/div><\/div>\t\t\t\t<\/div>\n\t\t\t\t<\/div>\n\t\t\t\t<div class=\"elementor-element elementor-element-fd5dc5b elementor-position-top elementor-widget elementor-widget-image-box\" data-id=\"fd5dc5b\" data-element_type=\"widget\" data-e-type=\"widget\" data-widget_type=\"image-box.default\">\n\t\t\t\t<div class=\"elementor-widget-container\">\n\t\t\t\t\t<div class=\"elementor-image-box-wrapper\"><figure class=\"elementor-image-box-img\"><img decoding=\"async\" width=\"105\" height=\"102\" src=\"https:\/\/www.finaura.lt\/wp-content\/uploads\/2025\/05\/finaura-saziningumas.webp\" class=\"attachment-full size-full wp-image-5411\" alt=\"\" \/><\/figure><div class=\"elementor-image-box-content\"><h3 class=\"elementor-image-box-title\">Ocena poniesionych strat<\/h3><p class=\"elementor-image-box-description\">Po wypadku\/zdarzeniu drogowym lub ocenie ubezpieczeniowej. Obiektywna ocena strat poniesionych po wypadku\/zdarzeniu drogowym. Niezale\u017cna ekspertyza i wycena szkody po zdarzeniu drogowym. Us\u0142ugi do\u015bwiadczonego, certyfikowanego niezale\u017cnego rzeczoznawcy. Pomoc do\u015bwiadczonego prawnika\/adwokata. Spory z firm\u0105 ubezpieczeniow\u0105.  <\/p><\/div><\/div>\t\t\t\t<\/div>\n\t\t\t\t<\/div>\n\t\t\t\t<div class=\"elementor-element elementor-element-5b0a75e elementor-position-top elementor-widget elementor-widget-image-box\" data-id=\"5b0a75e\" data-element_type=\"widget\" data-e-type=\"widget\" data-widget_type=\"image-box.default\">\n\t\t\t\t<div class=\"elementor-widget-container\">\n\t\t\t\t\t<div class=\"elementor-image-box-wrapper\"><figure class=\"elementor-image-box-img\"><img loading=\"lazy\" decoding=\"async\" width=\"112\" height=\"102\" src=\"https:\/\/www.finaura.lt\/wp-content\/uploads\/2020\/08\/finaura-perevod.png\" class=\"attachment-full size-full wp-image-661\" alt=\"\" \/><\/figure><div class=\"elementor-image-box-content\"><h3 class=\"elementor-image-box-title\">Us\u0142ugi biurowe, t\u0142umaczenia, dobre CV, rekrutacja pracownik\u00f3w, pomoc w nauce.<\/h3><p class=\"elementor-image-box-description\">Us\u0142ugi \u015bwiadczone w j\u0119zykach ANGIELSKIM, ROSYJSKIM, LITEWSKIM. Wi\u0119cej informacji na stronie internetowej: www.perevod.lt<\/p><\/div><\/div>\t\t\t\t<\/div>\n\t\t\t\t<\/div>\n\t\t\t\t<div class=\"elementor-element elementor-element-b330f86 elementor-position-top elementor-widget elementor-widget-image-box\" data-id=\"b330f86\" data-element_type=\"widget\" data-e-type=\"widget\" data-widget_type=\"image-box.default\">\n\t\t\t\t<div class=\"elementor-widget-container\">\n\t\t\t\t\t<div class=\"elementor-image-box-wrapper\"><figure class=\"elementor-image-box-img\"><img loading=\"lazy\" decoding=\"async\" width=\"779\" height=\"784\" src=\"https:\/\/www.finaura.lt\/wp-content\/uploads\/2020\/08\/teisne-pagalba.png\" class=\"attachment-full size-full wp-image-667\" alt=\"\" srcset=\"https:\/\/www.finaura.lt\/wp-content\/uploads\/2020\/08\/teisne-pagalba.png 779w, https:\/\/www.finaura.lt\/wp-content\/uploads\/2020\/08\/teisne-pagalba-150x150.png 150w, https:\/\/www.finaura.lt\/wp-content\/uploads\/2020\/08\/teisne-pagalba-298x300.png 298w, https:\/\/www.finaura.lt\/wp-content\/uploads\/2020\/08\/teisne-pagalba-768x773.png 768w, https:\/\/www.finaura.lt\/wp-content\/uploads\/2020\/08\/teisne-pagalba-480x483.png 480w\" sizes=\"(max-width: 779px) 100vw, 779px\" \/><\/figure><div class=\"elementor-image-box-content\"><h3 class=\"elementor-image-box-title\">Faktyczna i prawna pomoc w kwestiach zwi\u0105zanych z nabyciem, sprzeda\u017c\u0105 i najmem nieruchomo\u015bci oraz dzia\u0142alno\u015bci\u0105 gospodarcz\u0105 na Litwie.<\/h3><p class=\"elementor-image-box-description\">Us\u0142ugi niezale\u017cnych rzeczoznawc\u00f3w w zakresie wyceny nieruchomo\u015bci.<br>Pomoc w znalezieniu nieruchomo\u015bci.<br>Pomoc w znalezieniu kupuj\u0105cych oraz najemc\u00f3w nieruchomo\u015bci do wynaj\u0119cia.<br>Pomoc przy zawieraniu transakcji dotycz\u0105cych nieruchomo\u015bci.<\/p><\/div><\/div>\t\t\t\t<\/div>\n\t\t\t\t<\/div>\n\t\t\t\t<div class=\"elementor-element elementor-element-bb70c34 elementor-position-top elementor-widget elementor-widget-image-box\" data-id=\"bb70c34\" data-element_type=\"widget\" data-e-type=\"widget\" data-widget_type=\"image-box.default\">\n\t\t\t\t<div class=\"elementor-widget-container\">\n\t\t\t\t\t<div class=\"elementor-image-box-wrapper\"><figure class=\"elementor-image-box-img\"><img loading=\"lazy\" decoding=\"async\" width=\"779\" height=\"784\" src=\"https:\/\/www.finaura.lt\/wp-content\/uploads\/2020\/08\/teisne-pagalba.png\" class=\"attachment-full size-full wp-image-667\" alt=\"\" srcset=\"https:\/\/www.finaura.lt\/wp-content\/uploads\/2020\/08\/teisne-pagalba.png 779w, https:\/\/www.finaura.lt\/wp-content\/uploads\/2020\/08\/teisne-pagalba-150x150.png 150w, https:\/\/www.finaura.lt\/wp-content\/uploads\/2020\/08\/teisne-pagalba-298x300.png 298w, https:\/\/www.finaura.lt\/wp-content\/uploads\/2020\/08\/teisne-pagalba-768x773.png 768w, https:\/\/www.finaura.lt\/wp-content\/uploads\/2020\/08\/teisne-pagalba-480x483.png 480w\" sizes=\"(max-width: 779px) 100vw, 779px\" \/><\/figure><div class=\"elementor-image-box-content\"><h3 class=\"elementor-image-box-title\">Tworzenie filozofii biznesowych oraz hase\u0142 reklamowych, tekst\u00f3w kreatywnych i biznesowych.<\/h3><p class=\"elementor-image-box-description\">Przygotowujemy teksty, przem\u00f3wienia, prezentujemy firm\u0119, pomys\u0142 lub produkt.<br>Pisujemy artyku\u0142y, przeprowadzamy krytyczn\u0105 analiz\u0119 tekst\u00f3w o charakterze biznesowym.<br>Tworzymy teksty biznesowe i prezentacje.<br>Pisujemy dowcipne, rymowane prezentacje oraz inne teksty wed\u0142ug Pa\u0144stwa \u017cyczenia.<\/p><\/div><\/div>\t\t\t\t<\/div>\n\t\t\t\t<\/div>\n\t\t\t\t<div class=\"elementor-element elementor-element-b824546 elementor-position-top elementor-widget elementor-widget-image-box\" data-id=\"b824546\" data-element_type=\"widget\" data-e-type=\"widget\" data-widget_type=\"image-box.default\">\n\t\t\t\t<div class=\"elementor-widget-container\">\n\t\t\t\t\t<div class=\"elementor-image-box-wrapper\"><figure class=\"elementor-image-box-img\"><img loading=\"lazy\" decoding=\"async\" width=\"104\" height=\"102\" src=\"https:\/\/www.finaura.lt\/wp-content\/uploads\/2020\/08\/finaura-klientai2.png\" class=\"attachment-full size-full wp-image-624\" alt=\"\" \/><\/figure><div class=\"elementor-image-box-content\"><h3 class=\"elementor-image-box-title\">Poszukiwanie klient\u00f3w, organizacja sprzeda\u017cy.<\/h3><p class=\"elementor-image-box-description\">Us\u0142ugi poszukiwania klient\u00f3w, prowadzenie negocjacji oraz organizacja sprzeda\u017cy.<\/p><\/div><\/div>\t\t\t\t<\/div>\n\t\t\t\t<\/div>\n\t\t\t\t<div class=\"elementor-element elementor-element-d8e3d0e elementor-position-top elementor-widget elementor-widget-image-box\" data-id=\"d8e3d0e\" data-element_type=\"widget\" data-e-type=\"widget\" data-widget_type=\"image-box.default\">\n\t\t\t\t<div class=\"elementor-widget-container\">\n\t\t\t\t\t<div class=\"elementor-image-box-wrapper\"><figure class=\"elementor-image-box-img\"><img loading=\"lazy\" decoding=\"async\" width=\"101\" height=\"102\" src=\"https:\/\/www.finaura.lt\/wp-content\/uploads\/2020\/08\/perevod.png\" class=\"attachment-full size-full wp-image-664\" alt=\"\" \/><\/figure><div class=\"elementor-image-box-content\"><h3 class=\"elementor-image-box-title\">Us\u0142ugi t\u0142umaczeniowe<\/h3><p class=\"elementor-image-box-description\">T\u0142umaczenia pisemne i ustne.<\/p><\/div><\/div>\t\t\t\t<\/div>\n\t\t\t\t<\/div>\n\t\t\t\t<div class=\"elementor-element elementor-element-1c40b61 elementor-position-top elementor-widget elementor-widget-image-box\" data-id=\"1c40b61\" data-element_type=\"widget\" data-e-type=\"widget\" data-widget_type=\"image-box.default\">\n\t\t\t\t<div class=\"elementor-widget-container\">\n\t\t\t\t\t<div class=\"elementor-image-box-wrapper\"><figure class=\"elementor-image-box-img\"><img loading=\"lazy\" decoding=\"async\" width=\"101\" height=\"102\" src=\"https:\/\/www.finaura.lt\/wp-content\/uploads\/2020\/08\/finaura-naujoves.png\" class=\"attachment-full size-full wp-image-626\" alt=\"\" \/><\/figure><div class=\"elementor-image-box-content\"><h3 class=\"elementor-image-box-title\">Konsultant ds. prawa podatkowego<\/h3><p class=\"elementor-image-box-description\">Udzielamy konsultacji podczas kontroli, pomagamy optymalizowa\u0107 podatki firmy. Pomagamy przygotowa\u0107 dokumenty w trakcie kontroli podatkowej lub sporz\u0105dzenia protoko\u0142u pokontrolnego. Inna praktyczna pomoc.\n\n<\/p><\/div><\/div>\t\t\t\t<\/div>\n\t\t\t\t<\/div>\n\t\t\t\t<\/div>\n\t\t\t\t\t<\/div>\n\t\t\t\t<\/div>\n\t\t\t\t<section class=\"elementor-section elementor-top-section elementor-element elementor-element-acb83d5 elementor-section-boxed elementor-section-height-default elementor-section-height-default\" data-id=\"acb83d5\" data-element_type=\"section\" data-e-type=\"section\">\n\t\t\t\t\t\t<div class=\"elementor-container elementor-column-gap-default\">\n\t\t\t\t\t\t<\/div>\n\t\t<\/section>\n\t\t\t\t<section class=\"elementor-section elementor-top-section elementor-element elementor-element-79c52f9 elementor-section-boxed elementor-section-height-default elementor-section-height-default\" data-id=\"79c52f9\" data-element_type=\"section\" data-e-type=\"section\">\n\t\t\t\t\t\t<div class=\"elementor-container elementor-column-gap-default\">\n\t\t\t\t\t\t<\/div>\n\t\t<\/section>\n\t\t\t\t<\/div>\n\t\t","protected":false},"excerpt":{"rendered":"<p>Kim jeste\u015bmy Firma \u201eFinaura\u201d, dzia\u0142aj\u0105ca dla Pa\u0144stwa od ponad 10 lat, zrzesza powi\u0105zane sp\u00f3\u0142ki oraz partner\u00f3w biznesowych w celu \u015bwiadczenia konkurencyjnych i wysokiej jako\u015bci us\u0142ug.Powierzone prace i zadania zostan\u0105 wykonane lub nadzorowane przez do\u015bwiadczonych specjalist\u00f3w \u2013 odpowiedzialnych i energicznych profesjonalist\u00f3w o wysokich kwalifikacjach: adwokat\u00f3w i prawnik\u00f3w, ekspert\u00f3w w dziedzinie zam\u00f3wie\u0144 publicznych, ksi\u0119gowych i doradc\u00f3w podatkowych, [&hellip;]<\/p>\n","protected":false},"author":1,"featured_media":5631,"parent":0,"menu_order":0,"comment_status":"closed","ping_status":"closed","template":"","meta":{"_acf_changed":false,"footnotes":""},"class_list":["post-5544","page","type-page","status-publish","has-post-thumbnail","hentry"],"acf":[],"_links":{"self":[{"href":"https:\/\/www.finaura.lt\/pl\/wp-json\/wp\/v2\/pages\/5544","targetHints":{"allow":["GET"]}}],"collection":[{"href":"https:\/\/www.finaura.lt\/pl\/wp-json\/wp\/v2\/pages"}],"about":[{"href":"https:\/\/www.finaura.lt\/pl\/wp-json\/wp\/v2\/types\/page"}],"author":[{"embeddable":true,"href":"https:\/\/www.finaura.lt\/pl\/wp-json\/wp\/v2\/users\/1"}],"replies":[{"embeddable":true,"href":"https:\/\/www.finaura.lt\/pl\/wp-json\/wp\/v2\/comments?post=5544"}],"version-history":[{"count":1,"href":"https:\/\/www.finaura.lt\/pl\/wp-json\/wp\/v2\/pages\/5544\/revisions"}],"predecessor-version":[{"id":5545,"href":"https:\/\/www.finaura.lt\/pl\/wp-json\/wp\/v2\/pages\/5544\/revisions\/5545"}],"wp:featuredmedia":[{"embeddable":true,"href":"https:\/\/www.finaura.lt\/pl\/wp-json\/wp\/v2\/media\/5631"}],"wp:attachment":[{"href":"https:\/\/www.finaura.lt\/pl\/wp-json\/wp\/v2\/media?parent=5544"}],"curies":[{"name":"wp","href":"https:\/\/api.w.org\/{rel}","templated":true}]}}