{"id":5870,"date":"2025-11-11T10:58:36","date_gmt":"2025-11-11T10:58:36","guid":{"rendered":"https:\/\/www.finaura.lt\/?page_id=5870"},"modified":"2025-11-11T11:12:49","modified_gmt":"2025-11-11T11:12:49","slug":"adwokat-prawa-migracyjnego","status":"publish","type":"page","link":"https:\/\/www.finaura.lt\/pl\/adwokat-prawa-migracyjnego\/","title":{"rendered":"Adwokat prawa migracyjnego"},"content":{"rendered":"\t\t<div data-elementor-type=\"wp-page\" data-elementor-id=\"5870\" class=\"elementor elementor-5870\" data-elementor-post-type=\"page\">\n\t\t\t\t<div class=\"elementor-element elementor-element-d23192f e-flex e-con-boxed e-con e-parent\" data-id=\"d23192f\" data-element_type=\"container\" data-e-type=\"container\">\n\t\t\t\t\t<div class=\"e-con-inner\">\n\t\t\t\t<div class=\"elementor-element elementor-element-5dc1324 elementor-widget elementor-widget-heading\" data-id=\"5dc1324\" data-element_type=\"widget\" data-e-type=\"widget\" data-widget_type=\"heading.default\">\n\t\t\t\t<div class=\"elementor-widget-container\">\n\t\t\t\t\t<h2 class=\"elementor-heading-title elementor-size-default\">Adwokat prawa migracyjnego: Pomoc prawna w sprawach imigracyjnych i migracyjnych na Litwie\n<\/h2>\t\t\t\t<\/div>\n\t\t\t\t<\/div>\n\t\t\t\t<div class=\"elementor-element elementor-element-d138771 elementor-widget elementor-widget-text-editor\" data-id=\"d138771\" data-element_type=\"widget\" data-e-type=\"widget\" data-widget_type=\"text-editor.default\">\n\t\t\t\t<div class=\"elementor-widget-container\">\n\t\t\t\t\t\t\t\t\t<p data-sourcepos=\"5:1-5:426\">Migracja do Litwy lub z Litwy to skomplikowany proces, wymagaj\u0105cy starannego przygotowania prawnego i za\u0142atwienia dokument\u00f3w. Niezale\u017cnie od tego, czy planujesz imigrowa\u0107 do Litwy, uzyska\u0107 zezwolenie na pobyt, obywatelstwo, czy napotka\u0142e\u015b problemy migracyjne, adwokat ds. migracji w Wilnie jest gotowy, aby udzieli\u0107 Ci wykwalifikowanej pomocy prawnej, pomagaj\u0105c pomy\u015blnie przej\u015b\u0107 przez wszystkie etapy procesu migracyjnego i chroni\u0107 Twoje prawa.<\/p>\t\t\t\t\t\t\t\t<\/div>\n\t\t\t\t<\/div>\n\t\t\t\t<div class=\"elementor-element elementor-element-2e2cb09 elementor-widget elementor-widget-heading\" data-id=\"2e2cb09\" data-element_type=\"widget\" data-e-type=\"widget\" data-widget_type=\"heading.default\">\n\t\t\t\t<div class=\"elementor-widget-container\">\n\t\t\t\t\t<h2 class=\"elementor-heading-title elementor-size-default\">Dlaczego potrzebujesz adwokata prawa migracyjnego?\n<\/h2>\t\t\t\t<\/div>\n\t\t\t\t<\/div>\n\t\t\t\t<div class=\"elementor-element elementor-element-91cb242 elementor-widget elementor-widget-text-editor\" data-id=\"91cb242\" data-element_type=\"widget\" data-e-type=\"widget\" data-widget_type=\"text-editor.default\">\n\t\t\t\t<div class=\"elementor-widget-container\">\n\t\t\t\t\t\t\t\t\t<p data-sourcepos=\"9:1-9:100\">Prawo migracyjne to obszar, kt\u00f3ry nieustannie si\u0119 zmienia i jest skomplikowany. Adwokat ds. migracji jest niezb\u0119dny, poniewa\u017c:<\/p><ul data-sourcepos=\"11:1-16:0\"><li data-sourcepos=\"11:1-11:191\"><strong>Znajomo\u015b\u0107 przepis\u00f3w migracyjnych:<\/strong> Poniewa\u017c doskonale orientuje si\u0119 w przepisach prawnych Republiki Litewskiej reguluj\u0105cych status prawny cudzoziemc\u00f3w, migracj\u0119, obywatelstwo i inne pokrewne kwestie.<\/li><li data-sourcepos=\"12:1-12:180\"><strong>Pomaga w za\u0142atwieniu dokument\u00f3w:<\/strong> Profesjonalnie przygotowuje i sk\u0142ada wszystkie niezb\u0119dne dokumenty w celu uzyskania wizy, pozwolenia na pobyt, obywatelstwa lub innych dokument\u00f3w migracyjnych.<\/li><li data-sourcepos=\"13:1-13:151\"><strong>Chroni przed b\u0142\u0119dami i odmowami:<\/strong> Pomaga unikn\u0105\u0107 b\u0142\u0119d\u00f3w w dokumentach i procedurach, kt\u00f3re mog\u0105 prowadzi\u0107 do odmowy wydania niezb\u0119dnych dokument\u00f3w.<\/li><li data-sourcepos=\"14:1-14:152\"><strong>Reprezentuje Twoje interesy:<\/strong> Reprezentuje Twoje interesy w Departamencie Migracji, s\u0105dach i innych instytucjach w przypadku spor\u00f3w lub nieporozumie\u0144.<\/li><li data-sourcepos=\"15:1-16:0\"><strong>Oszcz\u0119dza Tw\u00f3j czas i nerwy:<\/strong> Przejmuje rozwi\u0105zanie skomplikowanych kwestii migracyjnych, pozwalaj\u0105c Ci skupi\u0107 si\u0119 na innych wa\u017cnych sprawach.<\/li><\/ul>\t\t\t\t\t\t\t\t<\/div>\n\t\t\t\t<\/div>\n\t\t\t\t<div class=\"elementor-element elementor-element-67d8e89 elementor-widget elementor-widget-heading\" data-id=\"67d8e89\" data-element_type=\"widget\" data-e-type=\"widget\" data-widget_type=\"heading.default\">\n\t\t\t\t<div class=\"elementor-widget-container\">\n\t\t\t\t\t<h2 class=\"elementor-heading-title elementor-size-default\">Us\u0142ugi adwokata prawa migracyjnego w Wilnie\n<\/h2>\t\t\t\t<\/div>\n\t\t\t\t<\/div>\n\t\t\t\t<div class=\"elementor-element elementor-element-0ae31ee elementor-widget elementor-widget-text-editor\" data-id=\"0ae31ee\" data-element_type=\"widget\" data-e-type=\"widget\" data-widget_type=\"text-editor.default\">\n\t\t\t\t<div class=\"elementor-widget-container\">\n\t\t\t\t\t\t\t\t\t<p data-sourcepos=\"19:1-19:113\">Nasi prawnicy zajmuj\u0105cy si\u0119 migracj\u0105 w Wilnie oferuj\u0105 szeroki zakres us\u0142ug dla cudzoziemc\u00f3w i obywateli Litwy, obejmuj\u0105cych:<\/p><p data-sourcepos=\"21:1-21:54\"><strong>Dla cudzoziemc\u00f3w planuj\u0105cych imigrowa\u0107 na Litw\u0119:<\/strong><\/p><ul data-sourcepos=\"23:1-29:0\"><li data-sourcepos=\"23:1-23:139\"><strong>Konsultacje w sprawach imigracyjnych:<\/strong> Szczeg\u00f3\u0142owe konsultacje dotycz\u0105ce mo\u017cliwo\u015bci imigracji na Litw\u0119, wymog\u00f3w prawnych i procedur.<\/li><li data-sourcepos=\"24:1-24:97\"><strong>Uzyskiwanie wiz:<\/strong> Pomoc w uzyskaniu wiz do Litwy (wizy Schengen, wizy krajowe i inne).<\/li><li data-sourcepos=\"25:1-25:205\"><strong>Uzyskiwanie pozwole\u0144 na pobyt:<\/strong> Pomoc w uzyskaniu pozwole\u0144 na pobyt czasowy (LLG) i sta\u0142y pobyt (LNG) na Litwie z r\u00f3\u017cnych powod\u00f3w (praca, studia, \u0142\u0105czenie rodzin, inwestycje itp.).<\/li><li data-sourcepos=\"26:1-26:126\"><strong>Uzyskiwanie obywatelstwa:<\/strong> Konsultacje i pomoc w uzyskaniu obywatelstwa litewskiego na podstawie naturalizacji, wyj\u0105tk\u00f3w lub innych podstaw.<\/li><li data-sourcepos=\"27:1-27:94\"><strong>Przygotowanie i t\u0142umaczenie dokument\u00f3w:<\/strong> Przygotowanie, t\u0142umaczenie i legalizacja wymaganych dokument\u00f3w.<\/li><li data-sourcepos=\"28:1-29:0\"><strong>Reprezentacja w Departamencie Migracji:<\/strong> Reprezentacja w Departamencie Migracji i innych instytucjach w sprawach migracyjnych.<\/li><\/ul><p data-sourcepos=\"30:1-30:81\"><strong>Dla obywateli Litwy i cudzoziemc\u00f3w, kt\u00f3rzy napotkali problemy migracyjne:<\/strong><\/p><ul data-sourcepos=\"32:1-38:0\"><li data-sourcepos=\"32:1-32:172\"><strong>Konsultacje w sprawach prawa migracyjnego:<\/strong> Porady dotycz\u0105ce sytuacji prawnej cudzoziemc\u00f3w, procedur migracyjnych, kwestii obywatelstwa i innych aspekt\u00f3w prawa migracyjnego.<\/li><li data-sourcepos=\"33:1-33:185\"><strong>Apelacje od decyzji o odmowie wydania wizy lub zezwolenia na pobyt:<\/strong> Pomoc prawna przy przygotowywaniu apelacji od decyzji Departamentu Migracji o odmowie wydania wizy lub zezwolenia na pobyt.<\/li><li data-sourcepos=\"34:1-34:134\"><strong>Reprezentacja w s\u0105dach w sprawach migracyjnych:<\/strong> Reprezentowanie w s\u0105dach w sporach z Departamentem Migracji i innymi instytucjami.<\/li><li data-sourcepos=\"35:1-35:159\"><strong>Pomoc w przypadkach deportacji i zwrotu do kraju pochodzenia:<\/strong> Pomoc prawna w celu wstrzymania procesu deportacji i ochrony przed nielegalnym zwrotem.<\/li><li data-sourcepos=\"36:1-36:100\"><strong>Asylum (przyznanie azylu) kwestie:<\/strong> Konsultacje i pomoc dla os\u00f3b ubiegaj\u0105cych si\u0119 o azyl w Litwie.<\/li><li data-sourcepos=\"37:1-38:0\"><strong>Pomoc prawna w sprawach zjednoczenia rodzin:<\/strong> Pomoc w zapewnieniu prawa do zjednoczenia rodzin na Litwie.<\/li><\/ul>\t\t\t\t\t\t\t\t<\/div>\n\t\t\t\t<\/div>\n\t\t\t\t<div class=\"elementor-element elementor-element-2e83b1a elementor-widget elementor-widget-heading\" data-id=\"2e83b1a\" data-element_type=\"widget\" data-e-type=\"widget\" data-widget_type=\"heading.default\">\n\t\t\t\t<div class=\"elementor-widget-container\">\n\t\t\t\t\t<h2 class=\"elementor-heading-title elementor-size-default\">Dlaczego warto wybra\u0107 naszych adwokat\u00f3w prawa migracyjnego?\n<\/h2>\t\t\t\t<\/div>\n\t\t\t\t<\/div>\n\t\t\t\t<div class=\"elementor-element elementor-element-b51055a elementor-widget elementor-widget-text-editor\" data-id=\"b51055a\" data-element_type=\"widget\" data-e-type=\"widget\" data-widget_type=\"text-editor.default\">\n\t\t\t\t<div class=\"elementor-widget-container\">\n\t\t\t\t\t\t\t\t\t<ul data-sourcepos=\"41:1-47:0\"><li data-sourcepos=\"41:1-41:155\"><strong>Specjalizacja i do\u015bwiadczenie:<\/strong> Nasi prawnicy specjalizuj\u0105 si\u0119 w prawie migracyjnym i maj\u0105 wieloletnie do\u015bwiadczenie w reprezentowaniu klient\u00f3w w kwestiach migracyjnych.<\/li><li data-sourcepos=\"42:1-42:161\"><strong>G\u0142\u0119boka znajomo\u015b\u0107 przepis\u00f3w migracyjnych:<\/strong> Na bie\u017c\u0105co \u015bledzimy zmiany w prawie migracyjnym i jeste\u015bmy gotowi znale\u017a\u0107 optymalne rozwi\u0105zania nawet w najbardziej skomplikowanych sytuacjach.<\/li><li data-sourcepos=\"43:1-43:126\"><strong>Indywidualne podej\u015bcie:<\/strong> Ka\u017cdemu klientowi po\u015bwi\u0119camy indywidualn\u0105 uwag\u0119 i starannie analizujemy ka\u017cd\u0105 sytuacj\u0119.<\/li><li data-sourcepos=\"44:1-44:135\"><strong>Orientacja na wynik:<\/strong> D\u0105\u017cymy do efektywnego i szybkiego rozwi\u0105zywania problem\u00f3w klient\u00f3w i osi\u0105gania jak najlepszych wynik\u00f3w.<\/li><li data-sourcepos=\"45:1-45:120\"><strong>Poufno\u015b\u0107 i profesjonalizm:<\/strong> Gwarantujemy pe\u0142n\u0105 poufno\u015b\u0107 i najwy\u017csze standardy zawodowe.<\/li><li data-sourcepos=\"46:1-47:0\"><strong>J\u0119zyki:<\/strong> \u015awiadczymy us\u0142ugi w j\u0119zyku litewskim, angielskim, rosyjskim i innych j\u0119zykach.<\/li><\/ul>\t\t\t\t\t\t\t\t<\/div>\n\t\t\t\t<\/div>\n\t\t\t\t\t<\/div>\n\t\t\t\t<\/div>\n\t\t\t\t<\/div>\n\t\t","protected":false},"excerpt":{"rendered":"<p>Adwokat prawa migracyjnego: Pomoc prawna w sprawach imigracyjnych i migracyjnych na Litwie Migracja do Litwy lub z Litwy to skomplikowany proces, wymagaj\u0105cy starannego przygotowania prawnego i za\u0142atwienia dokument\u00f3w. Niezale\u017cnie od tego, czy planujesz imigrowa\u0107 do Litwy, uzyska\u0107 zezwolenie na pobyt, obywatelstwo, czy napotka\u0142e\u015b problemy migracyjne, adwokat ds. migracji w Wilnie jest gotowy, aby udzieli\u0107 Ci [&hellip;]<\/p>\n","protected":false},"author":1,"featured_media":0,"parent":0,"menu_order":0,"comment_status":"closed","ping_status":"closed","template":"","meta":{"_acf_changed":false,"footnotes":""},"class_list":["post-5870","page","type-page","status-publish","hentry"],"acf":[],"_links":{"self":[{"href":"https:\/\/www.finaura.lt\/pl\/wp-json\/wp\/v2\/pages\/5870","targetHints":{"allow":["GET"]}}],"collection":[{"href":"https:\/\/www.finaura.lt\/pl\/wp-json\/wp\/v2\/pages"}],"about":[{"href":"https:\/\/www.finaura.lt\/pl\/wp-json\/wp\/v2\/types\/page"}],"author":[{"embeddable":true,"href":"https:\/\/www.finaura.lt\/pl\/wp-json\/wp\/v2\/users\/1"}],"replies":[{"embeddable":true,"href":"https:\/\/www.finaura.lt\/pl\/wp-json\/wp\/v2\/comments?post=5870"}],"version-history":[{"count":7,"href":"https:\/\/www.finaura.lt\/pl\/wp-json\/wp\/v2\/pages\/5870\/revisions"}],"predecessor-version":[{"id":5891,"href":"https:\/\/www.finaura.lt\/pl\/wp-json\/wp\/v2\/pages\/5870\/revisions\/5891"}],"wp:attachment":[{"href":"https:\/\/www.finaura.lt\/pl\/wp-json\/wp\/v2\/media?parent=5870"}],"curies":[{"name":"wp","href":"https:\/\/api.w.org\/{rel}","templated":true}]}}